{"id":100,"date":"2016-06-16T14:34:00","date_gmt":"2016-06-16T14:34:00","guid":{"rendered":"http:\/\/www.nk-bau-dienstleistungen.de\/wordpress\/?page_id=100"},"modified":"2016-08-04T14:48:38","modified_gmt":"2016-08-04T14:48:38","slug":"betreuung","status":"publish","type":"page","link":"https:\/\/www.nk-bau-dienstleistungen.de\/wordpress\/betreuung\/","title":{"rendered":"Betreuung"},"content":{"rendered":"<p><img loading=\"lazy\" decoding=\"async\" class=\"alignnone wp-image-89\" src=\"http:\/\/www.nk-bau-dienstleistungen.de\/wordpress\/wp-content\/uploads\/2016\/06\/hausmeister-1024x724.jpg\" alt=\"Hausmeisterdienste von NK-Dienstleistungen\" width=\"740\" height=\"523\" srcset=\"https:\/\/www.nk-bau-dienstleistungen.de\/wordpress\/wp-content\/uploads\/2016\/06\/hausmeister-1024x724.jpg 1024w, https:\/\/www.nk-bau-dienstleistungen.de\/wordpress\/wp-content\/uploads\/2016\/06\/hausmeister-300x212.jpg 300w, https:\/\/www.nk-bau-dienstleistungen.de\/wordpress\/wp-content\/uploads\/2016\/06\/hausmeister-768x543.jpg 768w, https:\/\/www.nk-bau-dienstleistungen.de\/wordpress\/wp-content\/uploads\/2016\/06\/hausmeister.jpg 1920w\" sizes=\"auto, (max-width: 740px) 100vw, 740px\" \/><\/p>\n<h1>Betreuung von Wohnobjekten und Gesch\u00e4ftsobjekten<\/h1>\n<p>Die Firma NK-Bau-Dienstleistungen bietet umfassende Dienstleistungen im Zusammenhang mit der Betreuung von Wohnungen, Wohnh\u00e4usern, Mietsh\u00e4usern, Gesch\u00e4ftsh\u00e4usern Shoppingmalls und Einkaufszentren. Die Hausmeistert\u00e4tigkeiten k\u00f6nnen ganz nach Bedarf erbracht werden. Neben der <a href=\"http:\/\/www.nk-bau-dienstleistungen.de\/wordpress\/kehrdienst\/\">Reinigung von B\u00f6den<\/a>, <a href=\"http:\/\/www.nk-bau-dienstleistungen.de\/wordpress\/glasreinigung\/\">Fenstern<\/a> und Sonstigem in von Ihnen festgelegten Zeitintervallen bieten wir Ihnen professionelle handwerkliche <a href=\"http:\/\/www.nk-bau-dienstleistungen.de\/wordpress\/kleinreparaturen\/\">Kleinreparaturen und Sofortreparaturen<\/a> rund um Ihre Immobile an. Wir stellen rechtzeitig die M\u00fclltonnen raus und versorgen diese auch wieder, kontrollieren ob die \/ das Geb\u00e4ude zu vorgegebenen Zeiten auch verschlossen ist und machen den <a href=\"http:\/\/www.nk-bau-dienstleistungen.de\/wordpress\/winterdienst\/\">Winterdienst<\/a>. Auch die Pflege der Gr\u00fcnbereiche mit <a href=\"http:\/\/www.nk-bau-dienstleistungen.de\/wordpress\/maeharbeiten\/\">Rasenschnitt<\/a>, <a href=\"http:\/\/www.nk-bau-dienstleistungen.de\/wordpress\/rueckschnitt\/\">Heckenschnitt und Baumschnitt<\/a> wird fachm\u00e4nnisch ausgef\u00fchrt. Ferner <a href=\"http:\/\/www.nk-bau-dienstleistungen.de\/wordpress\/ueberpruefung-wartung\/\">\u00fcberpr\u00fcfen und warten<\/a> wir die technischen Einrichtungen wie Fahrst\u00fchle, Brandmeldeeinrichtungen und sonstige elektronischen Einrichtungen streng nach DGUV Vorschrift 3\/ DIN 0701\/0702.<\/p>\n<p>Gerne betreuen wir auch Ihre Immobilie, <a href=\"http:\/\/www.nk-bau-dienstleistungen.de\/wordpress\/kontakt-impressum\/\">kontaktieren<\/a> Sie uns.<\/p>\n","protected":false},"excerpt":{"rendered":"<p>Betreuung von Wohnobjekten und Gesch\u00e4ftsobjekten Die Firma NK-Bau-Dienstleistungen bietet umfassende Dienstleistungen im Zusammenhang mit der Betreuung von Wohnungen, Wohnh\u00e4usern, Mietsh\u00e4usern, Gesch\u00e4ftsh\u00e4usern Shoppingmalls und Einkaufszentren. Die Hausmeistert\u00e4tigkeiten k\u00f6nnen ganz nach Bedarf erbracht werden. Neben der Reinigung von B\u00f6den, Fenstern und Sonstigem in von Ihnen festgelegten Zeitintervallen bieten wir Ihnen professionelle handwerkliche Kleinreparaturen und Sofortreparaturen rund um [&hellip;]<\/p>\n","protected":false},"author":2,"featured_media":0,"parent":0,"menu_order":0,"comment_status":"closed","ping_status":"closed","template":"","meta":{"footnotes":""},"class_list":["post-100","page","type-page","status-publish","hentry"],"yoast_head":"<!-- This site is optimized with the Yoast SEO plugin v27.6 - https:\/\/yoast.com\/product\/yoast-seo-wordpress\/ -->\n<title>Betreuung von Wohnungen, Wohnh\u00e4usern, Mietsh\u00e4usern, Gesch\u00e4ftsh\u00e4usern Shoppingmalls und Einkaufszentren. Ortenau, Offenburg, Schutterwald.<\/title>\n<meta name=\"description\" content=\"Betreuung von Wohnungen, Wohnh\u00e4usern, Mietsh\u00e4usern, Gesch\u00e4ftsh\u00e4usern Shoppingmalls und Einkaufszentren. Ortenau, Offenburg, Schutterwald.\" \/>\n<meta name=\"robots\" content=\"index, follow, max-snippet:-1, max-image-preview:large, max-video-preview:-1\" \/>\n<link rel=\"canonical\" href=\"https:\/\/www.nk-bau-dienstleistungen.de\/wordpress\/betreuung\/\" \/>\n<meta property=\"og:locale\" content=\"de_DE\" \/>\n<meta property=\"og:type\" content=\"article\" \/>\n<meta property=\"og:title\" content=\"Betreuung von Wohnungen, Wohnh\u00e4usern, Mietsh\u00e4usern, Gesch\u00e4ftsh\u00e4usern Shoppingmalls und Einkaufszentren. Ortenau, Offenburg, Schutterwald.\" \/>\n<meta property=\"og:description\" content=\"Betreuung von Wohnungen, Wohnh\u00e4usern, Mietsh\u00e4usern, Gesch\u00e4ftsh\u00e4usern Shoppingmalls und Einkaufszentren. Ortenau, Offenburg, Schutterwald.\" \/>\n<meta property=\"og:url\" content=\"https:\/\/www.nk-bau-dienstleistungen.de\/wordpress\/betreuung\/\" \/>\n<meta property=\"og:site_name\" content=\"NK-Bau-Dienstleistungen\" \/>\n<meta property=\"article:modified_time\" content=\"2016-08-04T14:48:38+00:00\" \/>\n<meta property=\"og:image\" content=\"http:\/\/www.nk-bau-dienstleistungen.de\/wordpress\/wp-content\/uploads\/2016\/06\/hausmeister-1024x724.jpg\" \/>\n<meta name=\"twitter:card\" content=\"summary_large_image\" \/>\n<meta name=\"twitter:label1\" content=\"Gesch\u00e4tzte Lesezeit\" \/>\n\t<meta name=\"twitter:data1\" content=\"1\u00a0Minute\" \/>\n<script type=\"application\/ld+json\" class=\"yoast-schema-graph\">{\"@context\":\"https:\\\/\\\/schema.org\",\"@graph\":[{\"@type\":\"WebPage\",\"@id\":\"https:\\\/\\\/www.nk-bau-dienstleistungen.de\\\/wordpress\\\/betreuung\\\/\",\"url\":\"https:\\\/\\\/www.nk-bau-dienstleistungen.de\\\/wordpress\\\/betreuung\\\/\",\"name\":\"Betreuung von Wohnungen, Wohnh\u00e4usern, Mietsh\u00e4usern, Gesch\u00e4ftsh\u00e4usern Shoppingmalls und Einkaufszentren. Ortenau, Offenburg, Schutterwald.\",\"isPartOf\":{\"@id\":\"https:\\\/\\\/www.nk-bau-dienstleistungen.de\\\/wordpress\\\/#website\"},\"primaryImageOfPage\":{\"@id\":\"https:\\\/\\\/www.nk-bau-dienstleistungen.de\\\/wordpress\\\/betreuung\\\/#primaryimage\"},\"image\":{\"@id\":\"https:\\\/\\\/www.nk-bau-dienstleistungen.de\\\/wordpress\\\/betreuung\\\/#primaryimage\"},\"thumbnailUrl\":\"http:\\\/\\\/www.nk-bau-dienstleistungen.de\\\/wordpress\\\/wp-content\\\/uploads\\\/2016\\\/06\\\/hausmeister-1024x724.jpg\",\"datePublished\":\"2016-06-16T14:34:00+00:00\",\"dateModified\":\"2016-08-04T14:48:38+00:00\",\"description\":\"Betreuung von Wohnungen, Wohnh\u00e4usern, Mietsh\u00e4usern, Gesch\u00e4ftsh\u00e4usern Shoppingmalls und Einkaufszentren. Ortenau, Offenburg, Schutterwald.\",\"breadcrumb\":{\"@id\":\"https:\\\/\\\/www.nk-bau-dienstleistungen.de\\\/wordpress\\\/betreuung\\\/#breadcrumb\"},\"inLanguage\":\"de\",\"potentialAction\":[{\"@type\":\"ReadAction\",\"target\":[\"https:\\\/\\\/www.nk-bau-dienstleistungen.de\\\/wordpress\\\/betreuung\\\/\"]}]},{\"@type\":\"ImageObject\",\"inLanguage\":\"de\",\"@id\":\"https:\\\/\\\/www.nk-bau-dienstleistungen.de\\\/wordpress\\\/betreuung\\\/#primaryimage\",\"url\":\"http:\\\/\\\/www.nk-bau-dienstleistungen.de\\\/wordpress\\\/wp-content\\\/uploads\\\/2016\\\/06\\\/hausmeister-1024x724.jpg\",\"contentUrl\":\"http:\\\/\\\/www.nk-bau-dienstleistungen.de\\\/wordpress\\\/wp-content\\\/uploads\\\/2016\\\/06\\\/hausmeister-1024x724.jpg\"},{\"@type\":\"BreadcrumbList\",\"@id\":\"https:\\\/\\\/www.nk-bau-dienstleistungen.de\\\/wordpress\\\/betreuung\\\/#breadcrumb\",\"itemListElement\":[{\"@type\":\"ListItem\",\"position\":1,\"name\":\"Startseite\",\"item\":\"https:\\\/\\\/www.nk-bau-dienstleistungen.de\\\/wordpress\\\/\"},{\"@type\":\"ListItem\",\"position\":2,\"name\":\"Betreuung\"}]},{\"@type\":\"WebSite\",\"@id\":\"https:\\\/\\\/www.nk-bau-dienstleistungen.de\\\/wordpress\\\/#website\",\"url\":\"https:\\\/\\\/www.nk-bau-dienstleistungen.de\\\/wordpress\\\/\",\"name\":\"NK-Bau-Dienstleistungen\",\"description\":\"Dienstleistungen rund um Haus und Garten. Reinigung von Baustellen, Geb\u00e4uden, Fenstern und Garagen und Tiefgaragen..\",\"publisher\":{\"@id\":\"https:\\\/\\\/www.nk-bau-dienstleistungen.de\\\/wordpress\\\/#organization\"},\"potentialAction\":[{\"@type\":\"SearchAction\",\"target\":{\"@type\":\"EntryPoint\",\"urlTemplate\":\"https:\\\/\\\/www.nk-bau-dienstleistungen.de\\\/wordpress\\\/?s={search_term_string}\"},\"query-input\":{\"@type\":\"PropertyValueSpecification\",\"valueRequired\":true,\"valueName\":\"search_term_string\"}}],\"inLanguage\":\"de\"},{\"@type\":\"Organization\",\"@id\":\"https:\\\/\\\/www.nk-bau-dienstleistungen.de\\\/wordpress\\\/#organization\",\"name\":\"Nikol Krechting Bau \\\/ Dienstleistungen\",\"url\":\"https:\\\/\\\/www.nk-bau-dienstleistungen.de\\\/wordpress\\\/\",\"logo\":{\"@type\":\"ImageObject\",\"inLanguage\":\"de\",\"@id\":\"https:\\\/\\\/www.nk-bau-dienstleistungen.de\\\/wordpress\\\/#\\\/schema\\\/logo\\\/image\\\/\",\"url\":\"https:\\\/\\\/www.nk-bau-dienstleistungen.de\\\/wordpress\\\/wp-content\\\/uploads\\\/2016\\\/06\\\/nikol_krechting-logowb512.png\",\"contentUrl\":\"https:\\\/\\\/www.nk-bau-dienstleistungen.de\\\/wordpress\\\/wp-content\\\/uploads\\\/2016\\\/06\\\/nikol_krechting-logowb512.png\",\"width\":512,\"height\":512,\"caption\":\"Nikol Krechting Bau \\\/ Dienstleistungen\"},\"image\":{\"@id\":\"https:\\\/\\\/www.nk-bau-dienstleistungen.de\\\/wordpress\\\/#\\\/schema\\\/logo\\\/image\\\/\"}}]}<\/script>\n<!-- \/ Yoast SEO plugin. -->","yoast_head_json":{"title":"Betreuung von Wohnungen, Wohnh\u00e4usern, Mietsh\u00e4usern, Gesch\u00e4ftsh\u00e4usern Shoppingmalls und Einkaufszentren. Ortenau, Offenburg, Schutterwald.","description":"Betreuung von Wohnungen, Wohnh\u00e4usern, Mietsh\u00e4usern, Gesch\u00e4ftsh\u00e4usern Shoppingmalls und Einkaufszentren. Ortenau, Offenburg, Schutterwald.","robots":{"index":"index","follow":"follow","max-snippet":"max-snippet:-1","max-image-preview":"max-image-preview:large","max-video-preview":"max-video-preview:-1"},"canonical":"https:\/\/www.nk-bau-dienstleistungen.de\/wordpress\/betreuung\/","og_locale":"de_DE","og_type":"article","og_title":"Betreuung von Wohnungen, Wohnh\u00e4usern, Mietsh\u00e4usern, Gesch\u00e4ftsh\u00e4usern Shoppingmalls und Einkaufszentren. Ortenau, Offenburg, Schutterwald.","og_description":"Betreuung von Wohnungen, Wohnh\u00e4usern, Mietsh\u00e4usern, Gesch\u00e4ftsh\u00e4usern Shoppingmalls und Einkaufszentren. Ortenau, Offenburg, Schutterwald.","og_url":"https:\/\/www.nk-bau-dienstleistungen.de\/wordpress\/betreuung\/","og_site_name":"NK-Bau-Dienstleistungen","article_modified_time":"2016-08-04T14:48:38+00:00","og_image":[{"url":"http:\/\/www.nk-bau-dienstleistungen.de\/wordpress\/wp-content\/uploads\/2016\/06\/hausmeister-1024x724.jpg","type":"","width":"","height":""}],"twitter_card":"summary_large_image","twitter_misc":{"Gesch\u00e4tzte Lesezeit":"1\u00a0Minute"},"schema":{"@context":"https:\/\/schema.org","@graph":[{"@type":"WebPage","@id":"https:\/\/www.nk-bau-dienstleistungen.de\/wordpress\/betreuung\/","url":"https:\/\/www.nk-bau-dienstleistungen.de\/wordpress\/betreuung\/","name":"Betreuung von Wohnungen, Wohnh\u00e4usern, Mietsh\u00e4usern, Gesch\u00e4ftsh\u00e4usern Shoppingmalls und Einkaufszentren. Ortenau, Offenburg, Schutterwald.","isPartOf":{"@id":"https:\/\/www.nk-bau-dienstleistungen.de\/wordpress\/#website"},"primaryImageOfPage":{"@id":"https:\/\/www.nk-bau-dienstleistungen.de\/wordpress\/betreuung\/#primaryimage"},"image":{"@id":"https:\/\/www.nk-bau-dienstleistungen.de\/wordpress\/betreuung\/#primaryimage"},"thumbnailUrl":"http:\/\/www.nk-bau-dienstleistungen.de\/wordpress\/wp-content\/uploads\/2016\/06\/hausmeister-1024x724.jpg","datePublished":"2016-06-16T14:34:00+00:00","dateModified":"2016-08-04T14:48:38+00:00","description":"Betreuung von Wohnungen, Wohnh\u00e4usern, Mietsh\u00e4usern, Gesch\u00e4ftsh\u00e4usern Shoppingmalls und Einkaufszentren. Ortenau, Offenburg, Schutterwald.","breadcrumb":{"@id":"https:\/\/www.nk-bau-dienstleistungen.de\/wordpress\/betreuung\/#breadcrumb"},"inLanguage":"de","potentialAction":[{"@type":"ReadAction","target":["https:\/\/www.nk-bau-dienstleistungen.de\/wordpress\/betreuung\/"]}]},{"@type":"ImageObject","inLanguage":"de","@id":"https:\/\/www.nk-bau-dienstleistungen.de\/wordpress\/betreuung\/#primaryimage","url":"http:\/\/www.nk-bau-dienstleistungen.de\/wordpress\/wp-content\/uploads\/2016\/06\/hausmeister-1024x724.jpg","contentUrl":"http:\/\/www.nk-bau-dienstleistungen.de\/wordpress\/wp-content\/uploads\/2016\/06\/hausmeister-1024x724.jpg"},{"@type":"BreadcrumbList","@id":"https:\/\/www.nk-bau-dienstleistungen.de\/wordpress\/betreuung\/#breadcrumb","itemListElement":[{"@type":"ListItem","position":1,"name":"Startseite","item":"https:\/\/www.nk-bau-dienstleistungen.de\/wordpress\/"},{"@type":"ListItem","position":2,"name":"Betreuung"}]},{"@type":"WebSite","@id":"https:\/\/www.nk-bau-dienstleistungen.de\/wordpress\/#website","url":"https:\/\/www.nk-bau-dienstleistungen.de\/wordpress\/","name":"NK-Bau-Dienstleistungen","description":"Dienstleistungen rund um Haus und Garten. Reinigung von Baustellen, Geb\u00e4uden, Fenstern und Garagen und Tiefgaragen..","publisher":{"@id":"https:\/\/www.nk-bau-dienstleistungen.de\/wordpress\/#organization"},"potentialAction":[{"@type":"SearchAction","target":{"@type":"EntryPoint","urlTemplate":"https:\/\/www.nk-bau-dienstleistungen.de\/wordpress\/?s={search_term_string}"},"query-input":{"@type":"PropertyValueSpecification","valueRequired":true,"valueName":"search_term_string"}}],"inLanguage":"de"},{"@type":"Organization","@id":"https:\/\/www.nk-bau-dienstleistungen.de\/wordpress\/#organization","name":"Nikol Krechting Bau \/ Dienstleistungen","url":"https:\/\/www.nk-bau-dienstleistungen.de\/wordpress\/","logo":{"@type":"ImageObject","inLanguage":"de","@id":"https:\/\/www.nk-bau-dienstleistungen.de\/wordpress\/#\/schema\/logo\/image\/","url":"https:\/\/www.nk-bau-dienstleistungen.de\/wordpress\/wp-content\/uploads\/2016\/06\/nikol_krechting-logowb512.png","contentUrl":"https:\/\/www.nk-bau-dienstleistungen.de\/wordpress\/wp-content\/uploads\/2016\/06\/nikol_krechting-logowb512.png","width":512,"height":512,"caption":"Nikol Krechting Bau \/ Dienstleistungen"},"image":{"@id":"https:\/\/www.nk-bau-dienstleistungen.de\/wordpress\/#\/schema\/logo\/image\/"}}]}},"_links":{"self":[{"href":"https:\/\/www.nk-bau-dienstleistungen.de\/wordpress\/wp-json\/wp\/v2\/pages\/100","targetHints":{"allow":["GET"]}}],"collection":[{"href":"https:\/\/www.nk-bau-dienstleistungen.de\/wordpress\/wp-json\/wp\/v2\/pages"}],"about":[{"href":"https:\/\/www.nk-bau-dienstleistungen.de\/wordpress\/wp-json\/wp\/v2\/types\/page"}],"author":[{"embeddable":true,"href":"https:\/\/www.nk-bau-dienstleistungen.de\/wordpress\/wp-json\/wp\/v2\/users\/2"}],"replies":[{"embeddable":true,"href":"https:\/\/www.nk-bau-dienstleistungen.de\/wordpress\/wp-json\/wp\/v2\/comments?post=100"}],"version-history":[{"count":9,"href":"https:\/\/www.nk-bau-dienstleistungen.de\/wordpress\/wp-json\/wp\/v2\/pages\/100\/revisions"}],"predecessor-version":[{"id":222,"href":"https:\/\/www.nk-bau-dienstleistungen.de\/wordpress\/wp-json\/wp\/v2\/pages\/100\/revisions\/222"}],"wp:attachment":[{"href":"https:\/\/www.nk-bau-dienstleistungen.de\/wordpress\/wp-json\/wp\/v2\/media?parent=100"}],"curies":[{"name":"wp","href":"https:\/\/api.w.org\/{rel}","templated":true}]}}