{"id":135,"date":"2016-06-19T16:23:43","date_gmt":"2016-06-19T16:23:43","guid":{"rendered":"http:\/\/www.nk-bau-dienstleistungen.de\/wordpress\/?page_id=135"},"modified":"2016-08-11T19:25:27","modified_gmt":"2016-08-11T19:25:27","slug":"tiefgaragenreinigung","status":"publish","type":"page","link":"https:\/\/www.nk-bau-dienstleistungen.de\/wordpress\/tiefgaragenreinigung\/","title":{"rendered":"Tiefgaragenreinigung"},"content":{"rendered":"<p><img loading=\"lazy\" decoding=\"async\" class=\"alignnone size-large wp-image-136\" src=\"http:\/\/www.nk-bau-dienstleistungen.de\/wordpress\/wp-content\/uploads\/2016\/06\/tiefgarage2-1024x685.jpg\" alt=\"tiefgarage2\" width=\"740\" height=\"495\" srcset=\"https:\/\/www.nk-bau-dienstleistungen.de\/wordpress\/wp-content\/uploads\/2016\/06\/tiefgarage2-1024x685.jpg 1024w, https:\/\/www.nk-bau-dienstleistungen.de\/wordpress\/wp-content\/uploads\/2016\/06\/tiefgarage2-300x201.jpg 300w, https:\/\/www.nk-bau-dienstleistungen.de\/wordpress\/wp-content\/uploads\/2016\/06\/tiefgarage2-768x514.jpg 768w, https:\/\/www.nk-bau-dienstleistungen.de\/wordpress\/wp-content\/uploads\/2016\/06\/tiefgarage2.jpg 1280w\" sizes=\"auto, (max-width: 740px) 100vw, 740px\" \/><\/p>\n<h1>Tiefgaragenreinigung<\/h1>\n<p>In Tiefgaragen lagern sich schnell gro\u00dfe Mengen an Schmutz, Staub und M\u00fcll an. Schon um Sch\u00e4dlingsbefall vorzubeugen ist es ratsam die Tiefgarage regelm\u00e4\u00dfig zu reinigen. Wir bieten professionelle Tiefgaragenreinigung zu g\u00fcnstigen Preisen. Die Tiefgarage wird na\u00df oder trocken gereinigt und auf Wunsch reinigen wir das Treppenhaus gleich mit.\u00a0 M\u00f6glich ist auch die Kombination mit unserem <a href=\"http:\/\/www.nk-bau-dienstleistungen.de\/wordpress\/hausmeistertaetigkeiten\/\">Hausmeisterdienst<\/a>, <a href=\"http:\/\/www.nk-bau-dienstleistungen.de\/wordpress\/kehrdienst\/\">Kehrdienst<\/a> und wenn notwendig der <a href=\"http:\/\/www.nk-bau-dienstleistungen.de\/wordpress\/vegetationspflege\/\">Vegetationspflege<\/a>.<\/p>\n<p><a href=\"http:\/\/www.nk-bau-dienstleistungen.de\/wordpress\/kontakt-impressum\/\">Kontaktieren<\/a> Sie uns, wir erstellen Ihnen gerne ein Angebot.<\/p>\n","protected":false},"excerpt":{"rendered":"<p>Tiefgaragenreinigung In Tiefgaragen lagern sich schnell gro\u00dfe Mengen an Schmutz, Staub und M\u00fcll an. Schon um Sch\u00e4dlingsbefall vorzubeugen ist es ratsam die Tiefgarage regelm\u00e4\u00dfig zu reinigen. Wir bieten professionelle Tiefgaragenreinigung zu g\u00fcnstigen Preisen. Die Tiefgarage wird na\u00df oder trocken gereinigt und auf Wunsch reinigen wir das Treppenhaus gleich mit.\u00a0 M\u00f6glich ist auch die Kombination mit [&hellip;]<\/p>\n","protected":false},"author":2,"featured_media":0,"parent":0,"menu_order":0,"comment_status":"closed","ping_status":"closed","template":"","meta":{"footnotes":""},"class_list":["post-135","page","type-page","status-publish","hentry"],"yoast_head":"<!-- This site is optimized with the Yoast SEO plugin v27.5 - https:\/\/yoast.com\/product\/yoast-seo-wordpress\/ -->\n<title>Tiefgaragenreinigung. Ortenau, Offenburg, Schutterwald,<\/title>\n<meta name=\"description\" content=\"Tiefgaragenreinigung, Kehrdienst und Hausmeisterservice zu g\u00fcnstigen Preisen. Ortenau, Offenburg, Schutterwald. NK-Bau-Dienstleistungen Meisterbetrieb.\" \/>\n<meta name=\"robots\" content=\"index, follow, max-snippet:-1, max-image-preview:large, max-video-preview:-1\" \/>\n<link rel=\"canonical\" href=\"https:\/\/www.nk-bau-dienstleistungen.de\/wordpress\/tiefgaragenreinigung\/\" \/>\n<meta property=\"og:locale\" content=\"de_DE\" \/>\n<meta property=\"og:type\" content=\"article\" \/>\n<meta property=\"og:title\" content=\"Tiefgaragenreinigung. Ortenau, Offenburg, Schutterwald,\" \/>\n<meta property=\"og:description\" content=\"Tiefgaragenreinigung, Kehrdienst und Hausmeisterservice zu g\u00fcnstigen Preisen. Ortenau, Offenburg, Schutterwald. NK-Bau-Dienstleistungen Meisterbetrieb.\" \/>\n<meta property=\"og:url\" content=\"https:\/\/www.nk-bau-dienstleistungen.de\/wordpress\/tiefgaragenreinigung\/\" \/>\n<meta property=\"og:site_name\" content=\"NK-Bau-Dienstleistungen\" \/>\n<meta property=\"article:modified_time\" content=\"2016-08-11T19:25:27+00:00\" \/>\n<meta property=\"og:image\" content=\"http:\/\/www.nk-bau-dienstleistungen.de\/wordpress\/wp-content\/uploads\/2016\/06\/tiefgarage2-1024x685.jpg\" \/>\n<meta name=\"twitter:card\" content=\"summary_large_image\" \/>\n<script type=\"application\/ld+json\" class=\"yoast-schema-graph\">{\"@context\":\"https:\\\/\\\/schema.org\",\"@graph\":[{\"@type\":\"WebPage\",\"@id\":\"https:\\\/\\\/www.nk-bau-dienstleistungen.de\\\/wordpress\\\/tiefgaragenreinigung\\\/\",\"url\":\"https:\\\/\\\/www.nk-bau-dienstleistungen.de\\\/wordpress\\\/tiefgaragenreinigung\\\/\",\"name\":\"Tiefgaragenreinigung. Ortenau, Offenburg, Schutterwald,\",\"isPartOf\":{\"@id\":\"https:\\\/\\\/www.nk-bau-dienstleistungen.de\\\/wordpress\\\/#website\"},\"primaryImageOfPage\":{\"@id\":\"https:\\\/\\\/www.nk-bau-dienstleistungen.de\\\/wordpress\\\/tiefgaragenreinigung\\\/#primaryimage\"},\"image\":{\"@id\":\"https:\\\/\\\/www.nk-bau-dienstleistungen.de\\\/wordpress\\\/tiefgaragenreinigung\\\/#primaryimage\"},\"thumbnailUrl\":\"http:\\\/\\\/www.nk-bau-dienstleistungen.de\\\/wordpress\\\/wp-content\\\/uploads\\\/2016\\\/06\\\/tiefgarage2-1024x685.jpg\",\"datePublished\":\"2016-06-19T16:23:43+00:00\",\"dateModified\":\"2016-08-11T19:25:27+00:00\",\"description\":\"Tiefgaragenreinigung, Kehrdienst und Hausmeisterservice zu g\u00fcnstigen Preisen. Ortenau, Offenburg, Schutterwald. NK-Bau-Dienstleistungen Meisterbetrieb.\",\"breadcrumb\":{\"@id\":\"https:\\\/\\\/www.nk-bau-dienstleistungen.de\\\/wordpress\\\/tiefgaragenreinigung\\\/#breadcrumb\"},\"inLanguage\":\"de\",\"potentialAction\":[{\"@type\":\"ReadAction\",\"target\":[\"https:\\\/\\\/www.nk-bau-dienstleistungen.de\\\/wordpress\\\/tiefgaragenreinigung\\\/\"]}]},{\"@type\":\"ImageObject\",\"inLanguage\":\"de\",\"@id\":\"https:\\\/\\\/www.nk-bau-dienstleistungen.de\\\/wordpress\\\/tiefgaragenreinigung\\\/#primaryimage\",\"url\":\"http:\\\/\\\/www.nk-bau-dienstleistungen.de\\\/wordpress\\\/wp-content\\\/uploads\\\/2016\\\/06\\\/tiefgarage2-1024x685.jpg\",\"contentUrl\":\"http:\\\/\\\/www.nk-bau-dienstleistungen.de\\\/wordpress\\\/wp-content\\\/uploads\\\/2016\\\/06\\\/tiefgarage2-1024x685.jpg\"},{\"@type\":\"BreadcrumbList\",\"@id\":\"https:\\\/\\\/www.nk-bau-dienstleistungen.de\\\/wordpress\\\/tiefgaragenreinigung\\\/#breadcrumb\",\"itemListElement\":[{\"@type\":\"ListItem\",\"position\":1,\"name\":\"Startseite\",\"item\":\"https:\\\/\\\/www.nk-bau-dienstleistungen.de\\\/wordpress\\\/\"},{\"@type\":\"ListItem\",\"position\":2,\"name\":\"Tiefgaragenreinigung\"}]},{\"@type\":\"WebSite\",\"@id\":\"https:\\\/\\\/www.nk-bau-dienstleistungen.de\\\/wordpress\\\/#website\",\"url\":\"https:\\\/\\\/www.nk-bau-dienstleistungen.de\\\/wordpress\\\/\",\"name\":\"NK-Bau-Dienstleistungen\",\"description\":\"Dienstleistungen rund um Haus und Garten. Reinigung von Baustellen, Geb\u00e4uden, Fenstern und Garagen und Tiefgaragen..\",\"publisher\":{\"@id\":\"https:\\\/\\\/www.nk-bau-dienstleistungen.de\\\/wordpress\\\/#organization\"},\"potentialAction\":[{\"@type\":\"SearchAction\",\"target\":{\"@type\":\"EntryPoint\",\"urlTemplate\":\"https:\\\/\\\/www.nk-bau-dienstleistungen.de\\\/wordpress\\\/?s={search_term_string}\"},\"query-input\":{\"@type\":\"PropertyValueSpecification\",\"valueRequired\":true,\"valueName\":\"search_term_string\"}}],\"inLanguage\":\"de\"},{\"@type\":\"Organization\",\"@id\":\"https:\\\/\\\/www.nk-bau-dienstleistungen.de\\\/wordpress\\\/#organization\",\"name\":\"Nikol Krechting Bau \\\/ Dienstleistungen\",\"url\":\"https:\\\/\\\/www.nk-bau-dienstleistungen.de\\\/wordpress\\\/\",\"logo\":{\"@type\":\"ImageObject\",\"inLanguage\":\"de\",\"@id\":\"https:\\\/\\\/www.nk-bau-dienstleistungen.de\\\/wordpress\\\/#\\\/schema\\\/logo\\\/image\\\/\",\"url\":\"https:\\\/\\\/www.nk-bau-dienstleistungen.de\\\/wordpress\\\/wp-content\\\/uploads\\\/2016\\\/06\\\/nikol_krechting-logowb512.png\",\"contentUrl\":\"https:\\\/\\\/www.nk-bau-dienstleistungen.de\\\/wordpress\\\/wp-content\\\/uploads\\\/2016\\\/06\\\/nikol_krechting-logowb512.png\",\"width\":512,\"height\":512,\"caption\":\"Nikol Krechting Bau \\\/ Dienstleistungen\"},\"image\":{\"@id\":\"https:\\\/\\\/www.nk-bau-dienstleistungen.de\\\/wordpress\\\/#\\\/schema\\\/logo\\\/image\\\/\"}}]}<\/script>\n<!-- \/ Yoast SEO plugin. -->","yoast_head_json":{"title":"Tiefgaragenreinigung. Ortenau, Offenburg, Schutterwald,","description":"Tiefgaragenreinigung, Kehrdienst und Hausmeisterservice zu g\u00fcnstigen Preisen. Ortenau, Offenburg, Schutterwald. NK-Bau-Dienstleistungen Meisterbetrieb.","robots":{"index":"index","follow":"follow","max-snippet":"max-snippet:-1","max-image-preview":"max-image-preview:large","max-video-preview":"max-video-preview:-1"},"canonical":"https:\/\/www.nk-bau-dienstleistungen.de\/wordpress\/tiefgaragenreinigung\/","og_locale":"de_DE","og_type":"article","og_title":"Tiefgaragenreinigung. Ortenau, Offenburg, Schutterwald,","og_description":"Tiefgaragenreinigung, Kehrdienst und Hausmeisterservice zu g\u00fcnstigen Preisen. Ortenau, Offenburg, Schutterwald. NK-Bau-Dienstleistungen Meisterbetrieb.","og_url":"https:\/\/www.nk-bau-dienstleistungen.de\/wordpress\/tiefgaragenreinigung\/","og_site_name":"NK-Bau-Dienstleistungen","article_modified_time":"2016-08-11T19:25:27+00:00","og_image":[{"url":"http:\/\/www.nk-bau-dienstleistungen.de\/wordpress\/wp-content\/uploads\/2016\/06\/tiefgarage2-1024x685.jpg","type":"","width":"","height":""}],"twitter_card":"summary_large_image","schema":{"@context":"https:\/\/schema.org","@graph":[{"@type":"WebPage","@id":"https:\/\/www.nk-bau-dienstleistungen.de\/wordpress\/tiefgaragenreinigung\/","url":"https:\/\/www.nk-bau-dienstleistungen.de\/wordpress\/tiefgaragenreinigung\/","name":"Tiefgaragenreinigung. Ortenau, Offenburg, Schutterwald,","isPartOf":{"@id":"https:\/\/www.nk-bau-dienstleistungen.de\/wordpress\/#website"},"primaryImageOfPage":{"@id":"https:\/\/www.nk-bau-dienstleistungen.de\/wordpress\/tiefgaragenreinigung\/#primaryimage"},"image":{"@id":"https:\/\/www.nk-bau-dienstleistungen.de\/wordpress\/tiefgaragenreinigung\/#primaryimage"},"thumbnailUrl":"http:\/\/www.nk-bau-dienstleistungen.de\/wordpress\/wp-content\/uploads\/2016\/06\/tiefgarage2-1024x685.jpg","datePublished":"2016-06-19T16:23:43+00:00","dateModified":"2016-08-11T19:25:27+00:00","description":"Tiefgaragenreinigung, Kehrdienst und Hausmeisterservice zu g\u00fcnstigen Preisen. Ortenau, Offenburg, Schutterwald. NK-Bau-Dienstleistungen Meisterbetrieb.","breadcrumb":{"@id":"https:\/\/www.nk-bau-dienstleistungen.de\/wordpress\/tiefgaragenreinigung\/#breadcrumb"},"inLanguage":"de","potentialAction":[{"@type":"ReadAction","target":["https:\/\/www.nk-bau-dienstleistungen.de\/wordpress\/tiefgaragenreinigung\/"]}]},{"@type":"ImageObject","inLanguage":"de","@id":"https:\/\/www.nk-bau-dienstleistungen.de\/wordpress\/tiefgaragenreinigung\/#primaryimage","url":"http:\/\/www.nk-bau-dienstleistungen.de\/wordpress\/wp-content\/uploads\/2016\/06\/tiefgarage2-1024x685.jpg","contentUrl":"http:\/\/www.nk-bau-dienstleistungen.de\/wordpress\/wp-content\/uploads\/2016\/06\/tiefgarage2-1024x685.jpg"},{"@type":"BreadcrumbList","@id":"https:\/\/www.nk-bau-dienstleistungen.de\/wordpress\/tiefgaragenreinigung\/#breadcrumb","itemListElement":[{"@type":"ListItem","position":1,"name":"Startseite","item":"https:\/\/www.nk-bau-dienstleistungen.de\/wordpress\/"},{"@type":"ListItem","position":2,"name":"Tiefgaragenreinigung"}]},{"@type":"WebSite","@id":"https:\/\/www.nk-bau-dienstleistungen.de\/wordpress\/#website","url":"https:\/\/www.nk-bau-dienstleistungen.de\/wordpress\/","name":"NK-Bau-Dienstleistungen","description":"Dienstleistungen rund um Haus und Garten. Reinigung von Baustellen, Geb\u00e4uden, Fenstern und Garagen und Tiefgaragen..","publisher":{"@id":"https:\/\/www.nk-bau-dienstleistungen.de\/wordpress\/#organization"},"potentialAction":[{"@type":"SearchAction","target":{"@type":"EntryPoint","urlTemplate":"https:\/\/www.nk-bau-dienstleistungen.de\/wordpress\/?s={search_term_string}"},"query-input":{"@type":"PropertyValueSpecification","valueRequired":true,"valueName":"search_term_string"}}],"inLanguage":"de"},{"@type":"Organization","@id":"https:\/\/www.nk-bau-dienstleistungen.de\/wordpress\/#organization","name":"Nikol Krechting Bau \/ Dienstleistungen","url":"https:\/\/www.nk-bau-dienstleistungen.de\/wordpress\/","logo":{"@type":"ImageObject","inLanguage":"de","@id":"https:\/\/www.nk-bau-dienstleistungen.de\/wordpress\/#\/schema\/logo\/image\/","url":"https:\/\/www.nk-bau-dienstleistungen.de\/wordpress\/wp-content\/uploads\/2016\/06\/nikol_krechting-logowb512.png","contentUrl":"https:\/\/www.nk-bau-dienstleistungen.de\/wordpress\/wp-content\/uploads\/2016\/06\/nikol_krechting-logowb512.png","width":512,"height":512,"caption":"Nikol Krechting Bau \/ Dienstleistungen"},"image":{"@id":"https:\/\/www.nk-bau-dienstleistungen.de\/wordpress\/#\/schema\/logo\/image\/"}}]}},"_links":{"self":[{"href":"https:\/\/www.nk-bau-dienstleistungen.de\/wordpress\/wp-json\/wp\/v2\/pages\/135","targetHints":{"allow":["GET"]}}],"collection":[{"href":"https:\/\/www.nk-bau-dienstleistungen.de\/wordpress\/wp-json\/wp\/v2\/pages"}],"about":[{"href":"https:\/\/www.nk-bau-dienstleistungen.de\/wordpress\/wp-json\/wp\/v2\/types\/page"}],"author":[{"embeddable":true,"href":"https:\/\/www.nk-bau-dienstleistungen.de\/wordpress\/wp-json\/wp\/v2\/users\/2"}],"replies":[{"embeddable":true,"href":"https:\/\/www.nk-bau-dienstleistungen.de\/wordpress\/wp-json\/wp\/v2\/comments?post=135"}],"version-history":[{"count":2,"href":"https:\/\/www.nk-bau-dienstleistungen.de\/wordpress\/wp-json\/wp\/v2\/pages\/135\/revisions"}],"predecessor-version":[{"id":207,"href":"https:\/\/www.nk-bau-dienstleistungen.de\/wordpress\/wp-json\/wp\/v2\/pages\/135\/revisions\/207"}],"wp:attachment":[{"href":"https:\/\/www.nk-bau-dienstleistungen.de\/wordpress\/wp-json\/wp\/v2\/media?parent=135"}],"curies":[{"name":"wp","href":"https:\/\/api.w.org\/{rel}","templated":true}]}}