{"id":145,"date":"2016-06-19T17:11:21","date_gmt":"2016-06-19T17:11:21","guid":{"rendered":"http:\/\/www.nk-bau-dienstleistungen.de\/wordpress\/?page_id=145"},"modified":"2016-08-04T14:34:21","modified_gmt":"2016-08-04T14:34:21","slug":"ausbesserungsarbeiten","status":"publish","type":"page","link":"https:\/\/www.nk-bau-dienstleistungen.de\/wordpress\/ausbesserungsarbeiten\/","title":{"rendered":"Ausbesserungsarbeiten"},"content":{"rendered":"<p><img loading=\"lazy\" decoding=\"async\" class=\"alignnone wp-image-147 size-large\" src=\"http:\/\/www.nk-bau-dienstleistungen.de\/wordpress\/wp-content\/uploads\/2016\/06\/kleinreparatur-1024x682.jpg\" alt=\"Kleinreparaturen werden selbst\u00e4ndig durchgef\u00fchrt, passendes Werkzeug vorhanden.\" width=\"740\" height=\"493\" srcset=\"https:\/\/www.nk-bau-dienstleistungen.de\/wordpress\/wp-content\/uploads\/2016\/06\/kleinreparatur-1024x682.jpg 1024w, https:\/\/www.nk-bau-dienstleistungen.de\/wordpress\/wp-content\/uploads\/2016\/06\/kleinreparatur-300x200.jpg 300w, https:\/\/www.nk-bau-dienstleistungen.de\/wordpress\/wp-content\/uploads\/2016\/06\/kleinreparatur-768x512.jpg 768w, https:\/\/www.nk-bau-dienstleistungen.de\/wordpress\/wp-content\/uploads\/2016\/06\/kleinreparatur.jpg 1280w\" sizes=\"auto, (max-width: 740px) 100vw, 740px\" \/><\/p>\n<h1>Ausbesserungsarbeiten<\/h1>\n<p>Unser Team aus Meister und qualifizierten Facharbeiter f\u00fchrt Ausbesserungsarbeiten aller Art fachm\u00e4nnisch und zeitnah durch. Die schnelle Erledigung solcher Ausbesserungsarbeiten verhindert eine Vergr\u00f6\u00dferung des Schadens und wirkt sich somit Kosten sparend aus. Solche Arbeiten werden im Rahmen unseres <a href=\"http:\/\/www.nk-bau-dienstleistungen.de\/wordpress\/hausmeistertaetigkeiten\/\">Hausmeisterservice<\/a> erbracht, k\u00f6nnen aber auch als separate Dienstleistung gebucht werden. Schnell, kosteng\u00fcnstig und unb\u00fcrokratisch.<\/p>\n<p><a href=\"http:\/\/www.nk-bau-dienstleistungen.de\/wordpress\/kontakt-impressum\/\">Kontaktieren<\/a> Sie uns, wir freuen uns auf Ihren Auftrag.<\/p>\n","protected":false},"excerpt":{"rendered":"<p>Ausbesserungsarbeiten Unser Team aus Meister und qualifizierten Facharbeiter f\u00fchrt Ausbesserungsarbeiten aller Art fachm\u00e4nnisch und zeitnah durch. Die schnelle Erledigung solcher Ausbesserungsarbeiten verhindert eine Vergr\u00f6\u00dferung des Schadens und wirkt sich somit Kosten sparend aus. Solche Arbeiten werden im Rahmen unseres Hausmeisterservice erbracht, k\u00f6nnen aber auch als separate Dienstleistung gebucht werden. Schnell, kosteng\u00fcnstig und unb\u00fcrokratisch. Kontaktieren Sie [&hellip;]<\/p>\n","protected":false},"author":2,"featured_media":0,"parent":0,"menu_order":0,"comment_status":"closed","ping_status":"closed","template":"","meta":{"footnotes":""},"class_list":["post-145","page","type-page","status-publish","hentry"],"yoast_head":"<!-- This site is optimized with the Yoast SEO plugin v27.5 - https:\/\/yoast.com\/product\/yoast-seo-wordpress\/ -->\n<title>Ausbesserungsarbeiten aller Art fachm\u00e4nnisch und zeitnah durchgef\u00fchrt. Meisterbetrieb Ortenau, Offenburg, Schutterwald.<\/title>\n<meta name=\"description\" content=\"Ausbesserungsarbeiten aller Art fachm\u00e4nnisch und zeitnah durchgef\u00fchrt. Meisterbetrieb Ortenau, Offenburg, Schutterwald. Kosten sparend, schnelle Reparatur.\" \/>\n<meta name=\"robots\" content=\"index, follow, max-snippet:-1, max-image-preview:large, max-video-preview:-1\" \/>\n<link rel=\"canonical\" href=\"https:\/\/www.nk-bau-dienstleistungen.de\/wordpress\/ausbesserungsarbeiten\/\" \/>\n<meta property=\"og:locale\" content=\"de_DE\" \/>\n<meta property=\"og:type\" content=\"article\" \/>\n<meta property=\"og:title\" content=\"Ausbesserungsarbeiten aller Art fachm\u00e4nnisch und zeitnah durchgef\u00fchrt. Meisterbetrieb Ortenau, Offenburg, Schutterwald.\" \/>\n<meta property=\"og:description\" content=\"Ausbesserungsarbeiten aller Art fachm\u00e4nnisch und zeitnah durchgef\u00fchrt. Meisterbetrieb Ortenau, Offenburg, Schutterwald. Kosten sparend, schnelle Reparatur.\" \/>\n<meta property=\"og:url\" content=\"https:\/\/www.nk-bau-dienstleistungen.de\/wordpress\/ausbesserungsarbeiten\/\" \/>\n<meta property=\"og:site_name\" content=\"NK-Bau-Dienstleistungen\" \/>\n<meta property=\"article:modified_time\" content=\"2016-08-04T14:34:21+00:00\" \/>\n<meta property=\"og:image\" content=\"http:\/\/www.nk-bau-dienstleistungen.de\/wordpress\/wp-content\/uploads\/2016\/06\/kleinreparatur-1024x682.jpg\" \/>\n<meta name=\"twitter:card\" content=\"summary_large_image\" \/>\n<script type=\"application\/ld+json\" class=\"yoast-schema-graph\">{\"@context\":\"https:\\\/\\\/schema.org\",\"@graph\":[{\"@type\":\"WebPage\",\"@id\":\"https:\\\/\\\/www.nk-bau-dienstleistungen.de\\\/wordpress\\\/ausbesserungsarbeiten\\\/\",\"url\":\"https:\\\/\\\/www.nk-bau-dienstleistungen.de\\\/wordpress\\\/ausbesserungsarbeiten\\\/\",\"name\":\"Ausbesserungsarbeiten aller Art fachm\u00e4nnisch und zeitnah durchgef\u00fchrt. Meisterbetrieb Ortenau, Offenburg, Schutterwald.\",\"isPartOf\":{\"@id\":\"https:\\\/\\\/www.nk-bau-dienstleistungen.de\\\/wordpress\\\/#website\"},\"primaryImageOfPage\":{\"@id\":\"https:\\\/\\\/www.nk-bau-dienstleistungen.de\\\/wordpress\\\/ausbesserungsarbeiten\\\/#primaryimage\"},\"image\":{\"@id\":\"https:\\\/\\\/www.nk-bau-dienstleistungen.de\\\/wordpress\\\/ausbesserungsarbeiten\\\/#primaryimage\"},\"thumbnailUrl\":\"http:\\\/\\\/www.nk-bau-dienstleistungen.de\\\/wordpress\\\/wp-content\\\/uploads\\\/2016\\\/06\\\/kleinreparatur-1024x682.jpg\",\"datePublished\":\"2016-06-19T17:11:21+00:00\",\"dateModified\":\"2016-08-04T14:34:21+00:00\",\"description\":\"Ausbesserungsarbeiten aller Art fachm\u00e4nnisch und zeitnah durchgef\u00fchrt. Meisterbetrieb Ortenau, Offenburg, Schutterwald. Kosten sparend, schnelle Reparatur.\",\"breadcrumb\":{\"@id\":\"https:\\\/\\\/www.nk-bau-dienstleistungen.de\\\/wordpress\\\/ausbesserungsarbeiten\\\/#breadcrumb\"},\"inLanguage\":\"de\",\"potentialAction\":[{\"@type\":\"ReadAction\",\"target\":[\"https:\\\/\\\/www.nk-bau-dienstleistungen.de\\\/wordpress\\\/ausbesserungsarbeiten\\\/\"]}]},{\"@type\":\"ImageObject\",\"inLanguage\":\"de\",\"@id\":\"https:\\\/\\\/www.nk-bau-dienstleistungen.de\\\/wordpress\\\/ausbesserungsarbeiten\\\/#primaryimage\",\"url\":\"http:\\\/\\\/www.nk-bau-dienstleistungen.de\\\/wordpress\\\/wp-content\\\/uploads\\\/2016\\\/06\\\/kleinreparatur-1024x682.jpg\",\"contentUrl\":\"http:\\\/\\\/www.nk-bau-dienstleistungen.de\\\/wordpress\\\/wp-content\\\/uploads\\\/2016\\\/06\\\/kleinreparatur-1024x682.jpg\"},{\"@type\":\"BreadcrumbList\",\"@id\":\"https:\\\/\\\/www.nk-bau-dienstleistungen.de\\\/wordpress\\\/ausbesserungsarbeiten\\\/#breadcrumb\",\"itemListElement\":[{\"@type\":\"ListItem\",\"position\":1,\"name\":\"Startseite\",\"item\":\"https:\\\/\\\/www.nk-bau-dienstleistungen.de\\\/wordpress\\\/\"},{\"@type\":\"ListItem\",\"position\":2,\"name\":\"Ausbesserungsarbeiten\"}]},{\"@type\":\"WebSite\",\"@id\":\"https:\\\/\\\/www.nk-bau-dienstleistungen.de\\\/wordpress\\\/#website\",\"url\":\"https:\\\/\\\/www.nk-bau-dienstleistungen.de\\\/wordpress\\\/\",\"name\":\"NK-Bau-Dienstleistungen\",\"description\":\"Dienstleistungen rund um Haus und Garten. Reinigung von Baustellen, Geb\u00e4uden, Fenstern und Garagen und Tiefgaragen..\",\"publisher\":{\"@id\":\"https:\\\/\\\/www.nk-bau-dienstleistungen.de\\\/wordpress\\\/#organization\"},\"potentialAction\":[{\"@type\":\"SearchAction\",\"target\":{\"@type\":\"EntryPoint\",\"urlTemplate\":\"https:\\\/\\\/www.nk-bau-dienstleistungen.de\\\/wordpress\\\/?s={search_term_string}\"},\"query-input\":{\"@type\":\"PropertyValueSpecification\",\"valueRequired\":true,\"valueName\":\"search_term_string\"}}],\"inLanguage\":\"de\"},{\"@type\":\"Organization\",\"@id\":\"https:\\\/\\\/www.nk-bau-dienstleistungen.de\\\/wordpress\\\/#organization\",\"name\":\"Nikol Krechting Bau \\\/ Dienstleistungen\",\"url\":\"https:\\\/\\\/www.nk-bau-dienstleistungen.de\\\/wordpress\\\/\",\"logo\":{\"@type\":\"ImageObject\",\"inLanguage\":\"de\",\"@id\":\"https:\\\/\\\/www.nk-bau-dienstleistungen.de\\\/wordpress\\\/#\\\/schema\\\/logo\\\/image\\\/\",\"url\":\"https:\\\/\\\/www.nk-bau-dienstleistungen.de\\\/wordpress\\\/wp-content\\\/uploads\\\/2016\\\/06\\\/nikol_krechting-logowb512.png\",\"contentUrl\":\"https:\\\/\\\/www.nk-bau-dienstleistungen.de\\\/wordpress\\\/wp-content\\\/uploads\\\/2016\\\/06\\\/nikol_krechting-logowb512.png\",\"width\":512,\"height\":512,\"caption\":\"Nikol Krechting Bau \\\/ Dienstleistungen\"},\"image\":{\"@id\":\"https:\\\/\\\/www.nk-bau-dienstleistungen.de\\\/wordpress\\\/#\\\/schema\\\/logo\\\/image\\\/\"}}]}<\/script>\n<!-- \/ Yoast SEO plugin. -->","yoast_head_json":{"title":"Ausbesserungsarbeiten aller Art fachm\u00e4nnisch und zeitnah durchgef\u00fchrt. Meisterbetrieb Ortenau, Offenburg, Schutterwald.","description":"Ausbesserungsarbeiten aller Art fachm\u00e4nnisch und zeitnah durchgef\u00fchrt. Meisterbetrieb Ortenau, Offenburg, Schutterwald. Kosten sparend, schnelle Reparatur.","robots":{"index":"index","follow":"follow","max-snippet":"max-snippet:-1","max-image-preview":"max-image-preview:large","max-video-preview":"max-video-preview:-1"},"canonical":"https:\/\/www.nk-bau-dienstleistungen.de\/wordpress\/ausbesserungsarbeiten\/","og_locale":"de_DE","og_type":"article","og_title":"Ausbesserungsarbeiten aller Art fachm\u00e4nnisch und zeitnah durchgef\u00fchrt. Meisterbetrieb Ortenau, Offenburg, Schutterwald.","og_description":"Ausbesserungsarbeiten aller Art fachm\u00e4nnisch und zeitnah durchgef\u00fchrt. Meisterbetrieb Ortenau, Offenburg, Schutterwald. Kosten sparend, schnelle Reparatur.","og_url":"https:\/\/www.nk-bau-dienstleistungen.de\/wordpress\/ausbesserungsarbeiten\/","og_site_name":"NK-Bau-Dienstleistungen","article_modified_time":"2016-08-04T14:34:21+00:00","og_image":[{"url":"http:\/\/www.nk-bau-dienstleistungen.de\/wordpress\/wp-content\/uploads\/2016\/06\/kleinreparatur-1024x682.jpg","type":"","width":"","height":""}],"twitter_card":"summary_large_image","schema":{"@context":"https:\/\/schema.org","@graph":[{"@type":"WebPage","@id":"https:\/\/www.nk-bau-dienstleistungen.de\/wordpress\/ausbesserungsarbeiten\/","url":"https:\/\/www.nk-bau-dienstleistungen.de\/wordpress\/ausbesserungsarbeiten\/","name":"Ausbesserungsarbeiten aller Art fachm\u00e4nnisch und zeitnah durchgef\u00fchrt. Meisterbetrieb Ortenau, Offenburg, Schutterwald.","isPartOf":{"@id":"https:\/\/www.nk-bau-dienstleistungen.de\/wordpress\/#website"},"primaryImageOfPage":{"@id":"https:\/\/www.nk-bau-dienstleistungen.de\/wordpress\/ausbesserungsarbeiten\/#primaryimage"},"image":{"@id":"https:\/\/www.nk-bau-dienstleistungen.de\/wordpress\/ausbesserungsarbeiten\/#primaryimage"},"thumbnailUrl":"http:\/\/www.nk-bau-dienstleistungen.de\/wordpress\/wp-content\/uploads\/2016\/06\/kleinreparatur-1024x682.jpg","datePublished":"2016-06-19T17:11:21+00:00","dateModified":"2016-08-04T14:34:21+00:00","description":"Ausbesserungsarbeiten aller Art fachm\u00e4nnisch und zeitnah durchgef\u00fchrt. Meisterbetrieb Ortenau, Offenburg, Schutterwald. Kosten sparend, schnelle Reparatur.","breadcrumb":{"@id":"https:\/\/www.nk-bau-dienstleistungen.de\/wordpress\/ausbesserungsarbeiten\/#breadcrumb"},"inLanguage":"de","potentialAction":[{"@type":"ReadAction","target":["https:\/\/www.nk-bau-dienstleistungen.de\/wordpress\/ausbesserungsarbeiten\/"]}]},{"@type":"ImageObject","inLanguage":"de","@id":"https:\/\/www.nk-bau-dienstleistungen.de\/wordpress\/ausbesserungsarbeiten\/#primaryimage","url":"http:\/\/www.nk-bau-dienstleistungen.de\/wordpress\/wp-content\/uploads\/2016\/06\/kleinreparatur-1024x682.jpg","contentUrl":"http:\/\/www.nk-bau-dienstleistungen.de\/wordpress\/wp-content\/uploads\/2016\/06\/kleinreparatur-1024x682.jpg"},{"@type":"BreadcrumbList","@id":"https:\/\/www.nk-bau-dienstleistungen.de\/wordpress\/ausbesserungsarbeiten\/#breadcrumb","itemListElement":[{"@type":"ListItem","position":1,"name":"Startseite","item":"https:\/\/www.nk-bau-dienstleistungen.de\/wordpress\/"},{"@type":"ListItem","position":2,"name":"Ausbesserungsarbeiten"}]},{"@type":"WebSite","@id":"https:\/\/www.nk-bau-dienstleistungen.de\/wordpress\/#website","url":"https:\/\/www.nk-bau-dienstleistungen.de\/wordpress\/","name":"NK-Bau-Dienstleistungen","description":"Dienstleistungen rund um Haus und Garten. Reinigung von Baustellen, Geb\u00e4uden, Fenstern und Garagen und Tiefgaragen..","publisher":{"@id":"https:\/\/www.nk-bau-dienstleistungen.de\/wordpress\/#organization"},"potentialAction":[{"@type":"SearchAction","target":{"@type":"EntryPoint","urlTemplate":"https:\/\/www.nk-bau-dienstleistungen.de\/wordpress\/?s={search_term_string}"},"query-input":{"@type":"PropertyValueSpecification","valueRequired":true,"valueName":"search_term_string"}}],"inLanguage":"de"},{"@type":"Organization","@id":"https:\/\/www.nk-bau-dienstleistungen.de\/wordpress\/#organization","name":"Nikol Krechting Bau \/ Dienstleistungen","url":"https:\/\/www.nk-bau-dienstleistungen.de\/wordpress\/","logo":{"@type":"ImageObject","inLanguage":"de","@id":"https:\/\/www.nk-bau-dienstleistungen.de\/wordpress\/#\/schema\/logo\/image\/","url":"https:\/\/www.nk-bau-dienstleistungen.de\/wordpress\/wp-content\/uploads\/2016\/06\/nikol_krechting-logowb512.png","contentUrl":"https:\/\/www.nk-bau-dienstleistungen.de\/wordpress\/wp-content\/uploads\/2016\/06\/nikol_krechting-logowb512.png","width":512,"height":512,"caption":"Nikol Krechting Bau \/ Dienstleistungen"},"image":{"@id":"https:\/\/www.nk-bau-dienstleistungen.de\/wordpress\/#\/schema\/logo\/image\/"}}]}},"_links":{"self":[{"href":"https:\/\/www.nk-bau-dienstleistungen.de\/wordpress\/wp-json\/wp\/v2\/pages\/145","targetHints":{"allow":["GET"]}}],"collection":[{"href":"https:\/\/www.nk-bau-dienstleistungen.de\/wordpress\/wp-json\/wp\/v2\/pages"}],"about":[{"href":"https:\/\/www.nk-bau-dienstleistungen.de\/wordpress\/wp-json\/wp\/v2\/types\/page"}],"author":[{"embeddable":true,"href":"https:\/\/www.nk-bau-dienstleistungen.de\/wordpress\/wp-json\/wp\/v2\/users\/2"}],"replies":[{"embeddable":true,"href":"https:\/\/www.nk-bau-dienstleistungen.de\/wordpress\/wp-json\/wp\/v2\/comments?post=145"}],"version-history":[{"count":5,"href":"https:\/\/www.nk-bau-dienstleistungen.de\/wordpress\/wp-json\/wp\/v2\/pages\/145\/revisions"}],"predecessor-version":[{"id":234,"href":"https:\/\/www.nk-bau-dienstleistungen.de\/wordpress\/wp-json\/wp\/v2\/pages\/145\/revisions\/234"}],"wp:attachment":[{"href":"https:\/\/www.nk-bau-dienstleistungen.de\/wordpress\/wp-json\/wp\/v2\/media?parent=145"}],"curies":[{"name":"wp","href":"https:\/\/api.w.org\/{rel}","templated":true}]}}