{"id":19,"date":"2016-06-12T15:18:06","date_gmt":"2016-06-12T15:18:06","guid":{"rendered":"http:\/\/www.nk-bau-dienstleistungen.de\/wordpress\/?page_id=19"},"modified":"2017-04-06T12:57:20","modified_gmt":"2017-04-06T12:57:20","slug":"baubereich","status":"publish","type":"page","link":"https:\/\/www.nk-bau-dienstleistungen.de\/wordpress\/baubereich\/","title":{"rendered":"Baufirma \/ Meisterbetrieb"},"content":{"rendered":"<p><img loading=\"lazy\" decoding=\"async\" class=\"alignnone wp-image-26\" src=\"http:\/\/www.nk-bau-dienstleistungen.de\/wordpress\/wp-content\/uploads\/2016\/06\/neubau-300x181.jpg\" alt=\"Baufirma, Neubau, Anbau, Umbau, Sanierung Ortenau, Offenburg, Schutterwald\" width=\"751\" height=\"453\" srcset=\"https:\/\/www.nk-bau-dienstleistungen.de\/wordpress\/wp-content\/uploads\/2016\/06\/neubau-300x181.jpg 300w, https:\/\/www.nk-bau-dienstleistungen.de\/wordpress\/wp-content\/uploads\/2016\/06\/neubau-768x464.jpg 768w, https:\/\/www.nk-bau-dienstleistungen.de\/wordpress\/wp-content\/uploads\/2016\/06\/neubau-1024x619.jpg 1024w, https:\/\/www.nk-bau-dienstleistungen.de\/wordpress\/wp-content\/uploads\/2016\/06\/neubau.jpg 1920w\" sizes=\"auto, (max-width: 751px) 100vw, 751px\" \/><\/p>\n<h1>Baufirma \/ Meisterbetrieb Ortenau, Offenburg, Willst\u00e4tt &#8211; Hesselhurst.<\/h1>\n<h2>Dienstleistungen zum Thema Bauen<\/h2>\n<h3>Unsere Dienstleistungen im Baubereich:<\/h3>\n<h3><a href=\"http:\/\/www.nk-bau-dienstleistungen.de\/wordpress\/neubau\/\">Neubauten<\/a><\/h3>\n<h3><a href=\"http:\/\/www.nk-bau-dienstleistungen.de\/wordpress\/umbauten\/\">Umbauten<\/a><\/h3>\n<h3><a href=\"http:\/\/www.nk-bau-dienstleistungen.de\/wordpress\/anbau\/\">Anbauten<\/a><\/h3>\n<h3><a href=\"http:\/\/www.nk-bau-dienstleistungen.de\/wordpress\/sanierung\/\">Sanierung<\/a><\/h3>\n<p>Unser Baufirma \/ Meisterbetrieb mit dem Team aus Meister und qualifiziertem Fachpersonal unterst\u00fctzt Sie in allen Belangen des Baubereichs und setzt Ihre W\u00fcnsche schnell, professionell und kosteng\u00fcnstig um. Bei Neubau, Umbau, Anbau oder Bausanierung. Wir stehen Ihnen in allen Bereichen bei Neubau, Umbau, Anbau oder Sanierung zur Verf\u00fcgung.<\/p>\n<p>Professionelle Ausf\u00fchrung von Bauarbeiten und Bausanierungen.<\/p>\n<p><a href=\"http:\/\/www.nk-bau-dienstleistungen.de\/wordpress\/kontakt-impressum\/\">Kontaktieren<\/a> Sie uns, wir erstellen Ihnen gerne ein Angebot.<\/p>\n","protected":false},"excerpt":{"rendered":"<p>Baufirma \/ Meisterbetrieb Ortenau, Offenburg, Willst\u00e4tt &#8211; Hesselhurst. Dienstleistungen zum Thema Bauen Unsere Dienstleistungen im Baubereich: Neubauten Umbauten Anbauten Sanierung Unser Baufirma \/ Meisterbetrieb mit dem Team aus Meister und qualifiziertem Fachpersonal unterst\u00fctzt Sie in allen Belangen des Baubereichs und setzt Ihre W\u00fcnsche schnell, professionell und kosteng\u00fcnstig um. Bei Neubau, Umbau, Anbau oder Bausanierung. Wir [&hellip;]<\/p>\n","protected":false},"author":2,"featured_media":0,"parent":0,"menu_order":0,"comment_status":"closed","ping_status":"closed","template":"","meta":{"footnotes":""},"class_list":["post-19","page","type-page","status-publish","hentry"],"yoast_head":"<!-- This site is optimized with the Yoast SEO plugin v27.4 - https:\/\/yoast.com\/product\/yoast-seo-wordpress\/ -->\n<title>Baufirma, Dienstleistungen beim Bau, Neubau, Umbau, Anbau, Sanierung.<\/title>\n<meta name=\"description\" content=\"Baufirma, Bau unsere Dienstleistungen im Baubereich bei Neubauten, Umbauten, Anbauten, Sanierung. Meisterbetrieb Ortenau, Offenburg, Willst\u00e4tt-Hesselhurst.\" \/>\n<meta name=\"robots\" content=\"index, follow, max-snippet:-1, max-image-preview:large, max-video-preview:-1\" \/>\n<link rel=\"canonical\" href=\"https:\/\/www.nk-bau-dienstleistungen.de\/wordpress\/baubereich\/\" \/>\n<meta property=\"og:locale\" content=\"de_DE\" \/>\n<meta property=\"og:type\" content=\"article\" \/>\n<meta property=\"og:title\" content=\"Baufirma, Dienstleistungen beim Bau, Neubau, Umbau, Anbau, Sanierung.\" \/>\n<meta property=\"og:description\" content=\"Baufirma, Bau unsere Dienstleistungen im Baubereich bei Neubauten, Umbauten, Anbauten, Sanierung. Meisterbetrieb Ortenau, Offenburg, Willst\u00e4tt-Hesselhurst.\" \/>\n<meta property=\"og:url\" content=\"https:\/\/www.nk-bau-dienstleistungen.de\/wordpress\/baubereich\/\" \/>\n<meta property=\"og:site_name\" content=\"NK-Bau-Dienstleistungen\" \/>\n<meta property=\"article:modified_time\" content=\"2017-04-06T12:57:20+00:00\" \/>\n<meta property=\"og:image\" content=\"http:\/\/www.nk-bau-dienstleistungen.de\/wordpress\/wp-content\/uploads\/2016\/06\/neubau-300x181.jpg\" \/>\n<meta name=\"twitter:card\" content=\"summary_large_image\" \/>\n<script type=\"application\/ld+json\" class=\"yoast-schema-graph\">{\"@context\":\"https:\\\/\\\/schema.org\",\"@graph\":[{\"@type\":\"WebPage\",\"@id\":\"https:\\\/\\\/www.nk-bau-dienstleistungen.de\\\/wordpress\\\/baubereich\\\/\",\"url\":\"https:\\\/\\\/www.nk-bau-dienstleistungen.de\\\/wordpress\\\/baubereich\\\/\",\"name\":\"Baufirma, Dienstleistungen beim Bau, Neubau, Umbau, Anbau, Sanierung.\",\"isPartOf\":{\"@id\":\"https:\\\/\\\/www.nk-bau-dienstleistungen.de\\\/wordpress\\\/#website\"},\"primaryImageOfPage\":{\"@id\":\"https:\\\/\\\/www.nk-bau-dienstleistungen.de\\\/wordpress\\\/baubereich\\\/#primaryimage\"},\"image\":{\"@id\":\"https:\\\/\\\/www.nk-bau-dienstleistungen.de\\\/wordpress\\\/baubereich\\\/#primaryimage\"},\"thumbnailUrl\":\"http:\\\/\\\/www.nk-bau-dienstleistungen.de\\\/wordpress\\\/wp-content\\\/uploads\\\/2016\\\/06\\\/neubau-300x181.jpg\",\"datePublished\":\"2016-06-12T15:18:06+00:00\",\"dateModified\":\"2017-04-06T12:57:20+00:00\",\"description\":\"Baufirma, Bau unsere Dienstleistungen im Baubereich bei Neubauten, Umbauten, Anbauten, Sanierung. Meisterbetrieb Ortenau, Offenburg, Willst\u00e4tt-Hesselhurst.\",\"breadcrumb\":{\"@id\":\"https:\\\/\\\/www.nk-bau-dienstleistungen.de\\\/wordpress\\\/baubereich\\\/#breadcrumb\"},\"inLanguage\":\"de\",\"potentialAction\":[{\"@type\":\"ReadAction\",\"target\":[\"https:\\\/\\\/www.nk-bau-dienstleistungen.de\\\/wordpress\\\/baubereich\\\/\"]}]},{\"@type\":\"ImageObject\",\"inLanguage\":\"de\",\"@id\":\"https:\\\/\\\/www.nk-bau-dienstleistungen.de\\\/wordpress\\\/baubereich\\\/#primaryimage\",\"url\":\"http:\\\/\\\/www.nk-bau-dienstleistungen.de\\\/wordpress\\\/wp-content\\\/uploads\\\/2016\\\/06\\\/neubau-300x181.jpg\",\"contentUrl\":\"http:\\\/\\\/www.nk-bau-dienstleistungen.de\\\/wordpress\\\/wp-content\\\/uploads\\\/2016\\\/06\\\/neubau-300x181.jpg\"},{\"@type\":\"BreadcrumbList\",\"@id\":\"https:\\\/\\\/www.nk-bau-dienstleistungen.de\\\/wordpress\\\/baubereich\\\/#breadcrumb\",\"itemListElement\":[{\"@type\":\"ListItem\",\"position\":1,\"name\":\"Startseite\",\"item\":\"https:\\\/\\\/www.nk-bau-dienstleistungen.de\\\/wordpress\\\/\"},{\"@type\":\"ListItem\",\"position\":2,\"name\":\"Baufirma \\\/ Meisterbetrieb\"}]},{\"@type\":\"WebSite\",\"@id\":\"https:\\\/\\\/www.nk-bau-dienstleistungen.de\\\/wordpress\\\/#website\",\"url\":\"https:\\\/\\\/www.nk-bau-dienstleistungen.de\\\/wordpress\\\/\",\"name\":\"NK-Bau-Dienstleistungen\",\"description\":\"Dienstleistungen rund um Haus und Garten. Reinigung von Baustellen, Geb\u00e4uden, Fenstern und Garagen und Tiefgaragen..\",\"publisher\":{\"@id\":\"https:\\\/\\\/www.nk-bau-dienstleistungen.de\\\/wordpress\\\/#organization\"},\"potentialAction\":[{\"@type\":\"SearchAction\",\"target\":{\"@type\":\"EntryPoint\",\"urlTemplate\":\"https:\\\/\\\/www.nk-bau-dienstleistungen.de\\\/wordpress\\\/?s={search_term_string}\"},\"query-input\":{\"@type\":\"PropertyValueSpecification\",\"valueRequired\":true,\"valueName\":\"search_term_string\"}}],\"inLanguage\":\"de\"},{\"@type\":\"Organization\",\"@id\":\"https:\\\/\\\/www.nk-bau-dienstleistungen.de\\\/wordpress\\\/#organization\",\"name\":\"Nikol Krechting Bau \\\/ Dienstleistungen\",\"url\":\"https:\\\/\\\/www.nk-bau-dienstleistungen.de\\\/wordpress\\\/\",\"logo\":{\"@type\":\"ImageObject\",\"inLanguage\":\"de\",\"@id\":\"https:\\\/\\\/www.nk-bau-dienstleistungen.de\\\/wordpress\\\/#\\\/schema\\\/logo\\\/image\\\/\",\"url\":\"https:\\\/\\\/www.nk-bau-dienstleistungen.de\\\/wordpress\\\/wp-content\\\/uploads\\\/2016\\\/06\\\/nikol_krechting-logowb512.png\",\"contentUrl\":\"https:\\\/\\\/www.nk-bau-dienstleistungen.de\\\/wordpress\\\/wp-content\\\/uploads\\\/2016\\\/06\\\/nikol_krechting-logowb512.png\",\"width\":512,\"height\":512,\"caption\":\"Nikol Krechting Bau \\\/ Dienstleistungen\"},\"image\":{\"@id\":\"https:\\\/\\\/www.nk-bau-dienstleistungen.de\\\/wordpress\\\/#\\\/schema\\\/logo\\\/image\\\/\"}}]}<\/script>\n<!-- \/ Yoast SEO plugin. -->","yoast_head_json":{"title":"Baufirma, Dienstleistungen beim Bau, Neubau, Umbau, Anbau, Sanierung.","description":"Baufirma, Bau unsere Dienstleistungen im Baubereich bei Neubauten, Umbauten, Anbauten, Sanierung. Meisterbetrieb Ortenau, Offenburg, Willst\u00e4tt-Hesselhurst.","robots":{"index":"index","follow":"follow","max-snippet":"max-snippet:-1","max-image-preview":"max-image-preview:large","max-video-preview":"max-video-preview:-1"},"canonical":"https:\/\/www.nk-bau-dienstleistungen.de\/wordpress\/baubereich\/","og_locale":"de_DE","og_type":"article","og_title":"Baufirma, Dienstleistungen beim Bau, Neubau, Umbau, Anbau, Sanierung.","og_description":"Baufirma, Bau unsere Dienstleistungen im Baubereich bei Neubauten, Umbauten, Anbauten, Sanierung. Meisterbetrieb Ortenau, Offenburg, Willst\u00e4tt-Hesselhurst.","og_url":"https:\/\/www.nk-bau-dienstleistungen.de\/wordpress\/baubereich\/","og_site_name":"NK-Bau-Dienstleistungen","article_modified_time":"2017-04-06T12:57:20+00:00","og_image":[{"url":"http:\/\/www.nk-bau-dienstleistungen.de\/wordpress\/wp-content\/uploads\/2016\/06\/neubau-300x181.jpg","type":"","width":"","height":""}],"twitter_card":"summary_large_image","schema":{"@context":"https:\/\/schema.org","@graph":[{"@type":"WebPage","@id":"https:\/\/www.nk-bau-dienstleistungen.de\/wordpress\/baubereich\/","url":"https:\/\/www.nk-bau-dienstleistungen.de\/wordpress\/baubereich\/","name":"Baufirma, Dienstleistungen beim Bau, Neubau, Umbau, Anbau, Sanierung.","isPartOf":{"@id":"https:\/\/www.nk-bau-dienstleistungen.de\/wordpress\/#website"},"primaryImageOfPage":{"@id":"https:\/\/www.nk-bau-dienstleistungen.de\/wordpress\/baubereich\/#primaryimage"},"image":{"@id":"https:\/\/www.nk-bau-dienstleistungen.de\/wordpress\/baubereich\/#primaryimage"},"thumbnailUrl":"http:\/\/www.nk-bau-dienstleistungen.de\/wordpress\/wp-content\/uploads\/2016\/06\/neubau-300x181.jpg","datePublished":"2016-06-12T15:18:06+00:00","dateModified":"2017-04-06T12:57:20+00:00","description":"Baufirma, Bau unsere Dienstleistungen im Baubereich bei Neubauten, Umbauten, Anbauten, Sanierung. Meisterbetrieb Ortenau, Offenburg, Willst\u00e4tt-Hesselhurst.","breadcrumb":{"@id":"https:\/\/www.nk-bau-dienstleistungen.de\/wordpress\/baubereich\/#breadcrumb"},"inLanguage":"de","potentialAction":[{"@type":"ReadAction","target":["https:\/\/www.nk-bau-dienstleistungen.de\/wordpress\/baubereich\/"]}]},{"@type":"ImageObject","inLanguage":"de","@id":"https:\/\/www.nk-bau-dienstleistungen.de\/wordpress\/baubereich\/#primaryimage","url":"http:\/\/www.nk-bau-dienstleistungen.de\/wordpress\/wp-content\/uploads\/2016\/06\/neubau-300x181.jpg","contentUrl":"http:\/\/www.nk-bau-dienstleistungen.de\/wordpress\/wp-content\/uploads\/2016\/06\/neubau-300x181.jpg"},{"@type":"BreadcrumbList","@id":"https:\/\/www.nk-bau-dienstleistungen.de\/wordpress\/baubereich\/#breadcrumb","itemListElement":[{"@type":"ListItem","position":1,"name":"Startseite","item":"https:\/\/www.nk-bau-dienstleistungen.de\/wordpress\/"},{"@type":"ListItem","position":2,"name":"Baufirma \/ Meisterbetrieb"}]},{"@type":"WebSite","@id":"https:\/\/www.nk-bau-dienstleistungen.de\/wordpress\/#website","url":"https:\/\/www.nk-bau-dienstleistungen.de\/wordpress\/","name":"NK-Bau-Dienstleistungen","description":"Dienstleistungen rund um Haus und Garten. Reinigung von Baustellen, Geb\u00e4uden, Fenstern und Garagen und Tiefgaragen..","publisher":{"@id":"https:\/\/www.nk-bau-dienstleistungen.de\/wordpress\/#organization"},"potentialAction":[{"@type":"SearchAction","target":{"@type":"EntryPoint","urlTemplate":"https:\/\/www.nk-bau-dienstleistungen.de\/wordpress\/?s={search_term_string}"},"query-input":{"@type":"PropertyValueSpecification","valueRequired":true,"valueName":"search_term_string"}}],"inLanguage":"de"},{"@type":"Organization","@id":"https:\/\/www.nk-bau-dienstleistungen.de\/wordpress\/#organization","name":"Nikol Krechting Bau \/ Dienstleistungen","url":"https:\/\/www.nk-bau-dienstleistungen.de\/wordpress\/","logo":{"@type":"ImageObject","inLanguage":"de","@id":"https:\/\/www.nk-bau-dienstleistungen.de\/wordpress\/#\/schema\/logo\/image\/","url":"https:\/\/www.nk-bau-dienstleistungen.de\/wordpress\/wp-content\/uploads\/2016\/06\/nikol_krechting-logowb512.png","contentUrl":"https:\/\/www.nk-bau-dienstleistungen.de\/wordpress\/wp-content\/uploads\/2016\/06\/nikol_krechting-logowb512.png","width":512,"height":512,"caption":"Nikol Krechting Bau \/ Dienstleistungen"},"image":{"@id":"https:\/\/www.nk-bau-dienstleistungen.de\/wordpress\/#\/schema\/logo\/image\/"}}]}},"_links":{"self":[{"href":"https:\/\/www.nk-bau-dienstleistungen.de\/wordpress\/wp-json\/wp\/v2\/pages\/19","targetHints":{"allow":["GET"]}}],"collection":[{"href":"https:\/\/www.nk-bau-dienstleistungen.de\/wordpress\/wp-json\/wp\/v2\/pages"}],"about":[{"href":"https:\/\/www.nk-bau-dienstleistungen.de\/wordpress\/wp-json\/wp\/v2\/types\/page"}],"author":[{"embeddable":true,"href":"https:\/\/www.nk-bau-dienstleistungen.de\/wordpress\/wp-json\/wp\/v2\/users\/2"}],"replies":[{"embeddable":true,"href":"https:\/\/www.nk-bau-dienstleistungen.de\/wordpress\/wp-json\/wp\/v2\/comments?post=19"}],"version-history":[{"count":14,"href":"https:\/\/www.nk-bau-dienstleistungen.de\/wordpress\/wp-json\/wp\/v2\/pages\/19\/revisions"}],"predecessor-version":[{"id":266,"href":"https:\/\/www.nk-bau-dienstleistungen.de\/wordpress\/wp-json\/wp\/v2\/pages\/19\/revisions\/266"}],"wp:attachment":[{"href":"https:\/\/www.nk-bau-dienstleistungen.de\/wordpress\/wp-json\/wp\/v2\/media?parent=19"}],"curies":[{"name":"wp","href":"https:\/\/api.w.org\/{rel}","templated":true}]}}