{"id":2,"date":"2016-05-10T03:48:21","date_gmt":"2016-05-10T03:48:21","guid":{"rendered":"http:\/\/wp452m.a10-52-158-154.qa.plesk.ru\/wordpress\/?page_id=2"},"modified":"2017-04-06T12:59:54","modified_gmt":"2017-04-06T12:59:54","slug":"sample-page","status":"publish","type":"page","link":"https:\/\/www.nk-bau-dienstleistungen.de\/wordpress\/","title":{"rendered":"Nikol Krechting Bau \/ Dienstleistungen, Meisterbetrieb"},"content":{"rendered":"<h2>Dienstleistungen rund ums Haus.<\/h2>\n<p>Wir sind ein Unternehmen mit der Zielsetzung Immobilienbesitzer bei der Pflege, Wartungsarbeit, Instandhaltung sowie im handwerklichen Bereich tatkr\u00e4ftig zu unterst\u00fctzen.<\/p>\n<p>Unser Team aus Meister und Fachpersonal ist im Einzugsgebiet von Freiburg, Lahr, Offenburg bis Karlsruhe t\u00e4tig.<\/p>\n<p>Wir betreuen Eigent\u00fcmergemeinschaften, gro\u00dfe Gesch\u00e4ftsh\u00e4user (Einkaufscenter) sowie Mieth\u00e4user als auch Privatleute und stehen Ihnen mit Rat und Tat zur Seite.<\/p>\n<h3>Baubereich:<\/h3>\n<p>Wir bieten Unterst\u00fctzung bei der Durchf\u00fchrung von <a href=\"http:\/\/www.nk-bau-dienstleistungen.de\/wordpress\/neubau\/\">Neubauten<\/a>, <a href=\"http:\/\/www.nk-bau-dienstleistungen.de\/wordpress\/anbau\/\">Anbauten<\/a>, <a href=\"http:\/\/www.nk-bau-dienstleistungen.de\/wordpress\/umbauten\/\">Umbauten<\/a> sowie bei <a href=\"http:\/\/www.nk-bau-dienstleistungen.de\/wordpress\/sanierung\/\">Sanierungen<\/a>. Unser Team aus Meister und qualifizierten Fachkr\u00e4ften steht Ihnen mit Rat und Tat zur Seite.<\/p>\n<h3>Au\u00dfenanlagen:<\/h3>\n<p>Wir pflegen, gestalten und halten Ihre <a href=\"http:\/\/www.nk-bau-dienstleistungen.de\/wordpress\/aussenanlagen\/\">Au\u00dfenanlagen<\/a> instand. Vegetationspflege wie <a href=\"http:\/\/www.nk-bau-dienstleistungen.de\/wordpress\/maeharbeiten\/\">M\u00e4harbeiten<\/a>, Pflanzentausch und <a href=\"http:\/\/www.nk-bau-dienstleistungen.de\/wordpress\/rueckschnitt\/\">R\u00fcckschnitt<\/a> von B\u00e4umen und Str\u00e4uchern sowie alle anfallenden Arbeiten in diesem Bereich werden p\u00fcnktlich, professionell und kosteng\u00fcnstig durchgef\u00fchrt.<\/p>\n<h3>Hausmeistert\u00e4tigkeiten:<\/h3>\n<p>Wir \u00fcbernehmen als Hausmeister die <a href=\"http:\/\/www.nk-bau-dienstleistungen.de\/wordpress\/betreuung\/\">Betreuung<\/a> Ihres Wohnhauses, Gesch\u00e4ftshauses, Immobilie oder sonstiger Geb\u00e4udekomplexe. Neben der klassischen <a href=\"http:\/\/www.nk-bau-dienstleistungen.de\/wordpress\/hausmeistertaetigkeiten\/\">Hausmeistert\u00e4tigkeit<\/a> wie <a href=\"http:\/\/www.nk-bau-dienstleistungen.de\/wordpress\/winterdienst\/\">Winterdienst<\/a>, <a href=\"http:\/\/www.nk-bau-dienstleistungen.de\/wordpress\/vegetationspflege\/\">Vegetationspflege<\/a>, <a href=\"http:\/\/www.nk-bau-dienstleistungen.de\/wordpress\/kleinreparaturen\/\">Kleinreparaturen<\/a> ect. bieten wir auch die <a href=\"http:\/\/www.nk-bau-dienstleistungen.de\/wordpress\/ueberpruefung-wartung\/\">Wartung und \u00dcberpr\u00fcfung der technischen Einrichtungen<\/a> an.<\/p>\n<h3>Reinigung:<\/h3>\n<p>Wir \u00fcbernehmen den <a href=\"http:\/\/www.nk-bau-dienstleistungen.de\/wordpress\/kehrdienst\/\">Kehrdienst<\/a> und <a href=\"http:\/\/www.nk-bau-dienstleistungen.de\/wordpress\/winterdienst\/\">Winterdienst<\/a>, sorgen mit unserer <a href=\"http:\/\/www.nk-bau-dienstleistungen.de\/wordpress\/glasreinigung\/\">Glasreinigung<\/a> f\u00fcr den klaren Durchblick, und halten Ihre <a href=\"http:\/\/www.nk-bau-dienstleistungen.de\/wordpress\/tiefgaragenreinigung\/\">Tiefgarage<\/a> sauber.<\/p>\n<h3>Instandhaltung:<\/h3>\n<p><a href=\"http:\/\/www.nk-bau-dienstleistungen.de\/wordpress\/ausbesserungsarbeiten\/\">Ausbesserungsarbeiten<\/a> und <a href=\"http:\/\/www.nk-bau-dienstleistungen.de\/wordpress\/kleinreparaturen\/\">Kleinreparaturen<\/a> f\u00fchren wir selbst\u00e4ndig durch, bei gr\u00f6\u00dferen Arbeiten oder Reparaturen \u00fcbernehmen wir die <a href=\"http:\/\/www.nk-bau-dienstleistungen.de\/wordpress\/abwicklung\/\">Gesamtabwicklung und Koordination<\/a> mit den n\u00f6tigen Fachbetrieben.<\/p>\n<h3>Montage:<\/h3>\n<p><a href=\"http:\/\/www.nk-bau-dienstleistungen.de\/wordpress\/montage\/\">Demontage und Remontage<\/a> von Maschinen und Produktionsger\u00e4ten. Fachgerechte Umz\u00fcge der Maschinen mit Wartung, Reparatur und Wiederaufbau im Inland und Ausland.<\/p>\n<h3>Dienstleistungen:<\/h3>\n<p>Wir sind Dienstleister aus Leidenschaft, Probleme sind dazu da um von uns gel\u00f6st zu werden. <a href=\"http:\/\/www.nk-bau-dienstleistungen.de\/wordpress\/kontakt-impressum\/\">Kontaktieren<\/a> Sie uns, wir k\u00fcmmern uns gerne um Ihr Anliegen.<\/p>\n","protected":false},"excerpt":{"rendered":"<p>Dienstleistungen rund ums Haus. Wir sind ein Unternehmen mit der Zielsetzung Immobilienbesitzer bei der Pflege, Wartungsarbeit, Instandhaltung sowie im handwerklichen Bereich tatkr\u00e4ftig zu unterst\u00fctzen. Unser Team aus Meister und Fachpersonal ist im Einzugsgebiet von Freiburg, Lahr, Offenburg bis Karlsruhe t\u00e4tig. Wir betreuen Eigent\u00fcmergemeinschaften, gro\u00dfe Gesch\u00e4ftsh\u00e4user (Einkaufscenter) sowie Mieth\u00e4user als auch Privatleute und stehen Ihnen mit [&hellip;]<\/p>\n","protected":false},"author":2,"featured_media":0,"parent":0,"menu_order":0,"comment_status":"closed","ping_status":"closed","template":"","meta":{"footnotes":""},"class_list":["post-2","page","type-page","status-publish","hentry"],"yoast_head":"<!-- This site is optimized with the Yoast SEO plugin v27.5 - https:\/\/yoast.com\/product\/yoast-seo-wordpress\/ -->\n<title>Nikol Krechting Bau \/ Dienstleistungen, Meisterbetrieb - NK-Bau-Dienstleistungen<\/title>\n<meta name=\"description\" content=\"Dienstleistungen rund ums Haus und Immobilie. Neubau, Umbau, Anbau, Pflege, Reinigung, Hausmeisterdienste und Wartung.\" \/>\n<meta name=\"robots\" content=\"index, follow, max-snippet:-1, max-image-preview:large, max-video-preview:-1\" \/>\n<link rel=\"canonical\" href=\"https:\/\/www.nk-bau-dienstleistungen.de\/wordpress\/\" \/>\n<meta property=\"og:locale\" content=\"de_DE\" \/>\n<meta property=\"og:type\" content=\"article\" \/>\n<meta property=\"og:title\" content=\"Nikol Krechting Bau \/ Dienstleistungen, Meisterbetrieb - NK-Bau-Dienstleistungen\" \/>\n<meta property=\"og:description\" content=\"Dienstleistungen rund ums Haus und Immobilie. Neubau, Umbau, Anbau, Pflege, Reinigung, Hausmeisterdienste und Wartung.\" \/>\n<meta property=\"og:url\" content=\"https:\/\/www.nk-bau-dienstleistungen.de\/wordpress\/\" \/>\n<meta property=\"og:site_name\" content=\"NK-Bau-Dienstleistungen\" \/>\n<meta property=\"article:modified_time\" content=\"2017-04-06T12:59:54+00:00\" \/>\n<meta name=\"twitter:card\" content=\"summary_large_image\" \/>\n<meta name=\"twitter:label1\" content=\"Gesch\u00e4tzte Lesezeit\" \/>\n\t<meta name=\"twitter:data1\" content=\"1\u00a0Minute\" \/>\n<script type=\"application\/ld+json\" class=\"yoast-schema-graph\">{\"@context\":\"https:\\\/\\\/schema.org\",\"@graph\":[{\"@type\":\"WebPage\",\"@id\":\"https:\\\/\\\/www.nk-bau-dienstleistungen.de\\\/wordpress\\\/\",\"url\":\"https:\\\/\\\/www.nk-bau-dienstleistungen.de\\\/wordpress\\\/\",\"name\":\"Nikol Krechting Bau \\\/ Dienstleistungen, Meisterbetrieb - NK-Bau-Dienstleistungen\",\"isPartOf\":{\"@id\":\"https:\\\/\\\/www.nk-bau-dienstleistungen.de\\\/wordpress\\\/#website\"},\"datePublished\":\"2016-05-10T03:48:21+00:00\",\"dateModified\":\"2017-04-06T12:59:54+00:00\",\"description\":\"Dienstleistungen rund ums Haus und Immobilie. Neubau, Umbau, Anbau, Pflege, Reinigung, Hausmeisterdienste und Wartung.\",\"breadcrumb\":{\"@id\":\"https:\\\/\\\/www.nk-bau-dienstleistungen.de\\\/wordpress\\\/#breadcrumb\"},\"inLanguage\":\"de\",\"potentialAction\":[{\"@type\":\"ReadAction\",\"target\":[\"https:\\\/\\\/www.nk-bau-dienstleistungen.de\\\/wordpress\\\/\"]}]},{\"@type\":\"BreadcrumbList\",\"@id\":\"https:\\\/\\\/www.nk-bau-dienstleistungen.de\\\/wordpress\\\/#breadcrumb\",\"itemListElement\":[{\"@type\":\"ListItem\",\"position\":1,\"name\":\"Startseite\",\"item\":\"https:\\\/\\\/www.nk-bau-dienstleistungen.de\\\/wordpress\\\/\"},{\"@type\":\"ListItem\",\"position\":2,\"name\":\"Nikol Krechting Bau \\\/ Dienstleistungen, Meisterbetrieb\"}]},{\"@type\":\"WebSite\",\"@id\":\"https:\\\/\\\/www.nk-bau-dienstleistungen.de\\\/wordpress\\\/#website\",\"url\":\"https:\\\/\\\/www.nk-bau-dienstleistungen.de\\\/wordpress\\\/\",\"name\":\"NK-Bau-Dienstleistungen\",\"description\":\"Dienstleistungen rund um Haus und Garten. Reinigung von Baustellen, Geb\u00e4uden, Fenstern und Garagen und Tiefgaragen..\",\"publisher\":{\"@id\":\"https:\\\/\\\/www.nk-bau-dienstleistungen.de\\\/wordpress\\\/#organization\"},\"potentialAction\":[{\"@type\":\"SearchAction\",\"target\":{\"@type\":\"EntryPoint\",\"urlTemplate\":\"https:\\\/\\\/www.nk-bau-dienstleistungen.de\\\/wordpress\\\/?s={search_term_string}\"},\"query-input\":{\"@type\":\"PropertyValueSpecification\",\"valueRequired\":true,\"valueName\":\"search_term_string\"}}],\"inLanguage\":\"de\"},{\"@type\":\"Organization\",\"@id\":\"https:\\\/\\\/www.nk-bau-dienstleistungen.de\\\/wordpress\\\/#organization\",\"name\":\"Nikol Krechting Bau \\\/ Dienstleistungen\",\"url\":\"https:\\\/\\\/www.nk-bau-dienstleistungen.de\\\/wordpress\\\/\",\"logo\":{\"@type\":\"ImageObject\",\"inLanguage\":\"de\",\"@id\":\"https:\\\/\\\/www.nk-bau-dienstleistungen.de\\\/wordpress\\\/#\\\/schema\\\/logo\\\/image\\\/\",\"url\":\"https:\\\/\\\/www.nk-bau-dienstleistungen.de\\\/wordpress\\\/wp-content\\\/uploads\\\/2016\\\/06\\\/nikol_krechting-logowb512.png\",\"contentUrl\":\"https:\\\/\\\/www.nk-bau-dienstleistungen.de\\\/wordpress\\\/wp-content\\\/uploads\\\/2016\\\/06\\\/nikol_krechting-logowb512.png\",\"width\":512,\"height\":512,\"caption\":\"Nikol Krechting Bau \\\/ Dienstleistungen\"},\"image\":{\"@id\":\"https:\\\/\\\/www.nk-bau-dienstleistungen.de\\\/wordpress\\\/#\\\/schema\\\/logo\\\/image\\\/\"}}]}<\/script>\n<!-- \/ Yoast SEO plugin. -->","yoast_head_json":{"title":"Nikol Krechting Bau \/ Dienstleistungen, Meisterbetrieb - NK-Bau-Dienstleistungen","description":"Dienstleistungen rund ums Haus und Immobilie. Neubau, Umbau, Anbau, Pflege, Reinigung, Hausmeisterdienste und Wartung.","robots":{"index":"index","follow":"follow","max-snippet":"max-snippet:-1","max-image-preview":"max-image-preview:large","max-video-preview":"max-video-preview:-1"},"canonical":"https:\/\/www.nk-bau-dienstleistungen.de\/wordpress\/","og_locale":"de_DE","og_type":"article","og_title":"Nikol Krechting Bau \/ Dienstleistungen, Meisterbetrieb - NK-Bau-Dienstleistungen","og_description":"Dienstleistungen rund ums Haus und Immobilie. Neubau, Umbau, Anbau, Pflege, Reinigung, Hausmeisterdienste und Wartung.","og_url":"https:\/\/www.nk-bau-dienstleistungen.de\/wordpress\/","og_site_name":"NK-Bau-Dienstleistungen","article_modified_time":"2017-04-06T12:59:54+00:00","twitter_card":"summary_large_image","twitter_misc":{"Gesch\u00e4tzte Lesezeit":"1\u00a0Minute"},"schema":{"@context":"https:\/\/schema.org","@graph":[{"@type":"WebPage","@id":"https:\/\/www.nk-bau-dienstleistungen.de\/wordpress\/","url":"https:\/\/www.nk-bau-dienstleistungen.de\/wordpress\/","name":"Nikol Krechting Bau \/ Dienstleistungen, Meisterbetrieb - NK-Bau-Dienstleistungen","isPartOf":{"@id":"https:\/\/www.nk-bau-dienstleistungen.de\/wordpress\/#website"},"datePublished":"2016-05-10T03:48:21+00:00","dateModified":"2017-04-06T12:59:54+00:00","description":"Dienstleistungen rund ums Haus und Immobilie. Neubau, Umbau, Anbau, Pflege, Reinigung, Hausmeisterdienste und Wartung.","breadcrumb":{"@id":"https:\/\/www.nk-bau-dienstleistungen.de\/wordpress\/#breadcrumb"},"inLanguage":"de","potentialAction":[{"@type":"ReadAction","target":["https:\/\/www.nk-bau-dienstleistungen.de\/wordpress\/"]}]},{"@type":"BreadcrumbList","@id":"https:\/\/www.nk-bau-dienstleistungen.de\/wordpress\/#breadcrumb","itemListElement":[{"@type":"ListItem","position":1,"name":"Startseite","item":"https:\/\/www.nk-bau-dienstleistungen.de\/wordpress\/"},{"@type":"ListItem","position":2,"name":"Nikol Krechting Bau \/ Dienstleistungen, Meisterbetrieb"}]},{"@type":"WebSite","@id":"https:\/\/www.nk-bau-dienstleistungen.de\/wordpress\/#website","url":"https:\/\/www.nk-bau-dienstleistungen.de\/wordpress\/","name":"NK-Bau-Dienstleistungen","description":"Dienstleistungen rund um Haus und Garten. Reinigung von Baustellen, Geb\u00e4uden, Fenstern und Garagen und Tiefgaragen..","publisher":{"@id":"https:\/\/www.nk-bau-dienstleistungen.de\/wordpress\/#organization"},"potentialAction":[{"@type":"SearchAction","target":{"@type":"EntryPoint","urlTemplate":"https:\/\/www.nk-bau-dienstleistungen.de\/wordpress\/?s={search_term_string}"},"query-input":{"@type":"PropertyValueSpecification","valueRequired":true,"valueName":"search_term_string"}}],"inLanguage":"de"},{"@type":"Organization","@id":"https:\/\/www.nk-bau-dienstleistungen.de\/wordpress\/#organization","name":"Nikol Krechting Bau \/ Dienstleistungen","url":"https:\/\/www.nk-bau-dienstleistungen.de\/wordpress\/","logo":{"@type":"ImageObject","inLanguage":"de","@id":"https:\/\/www.nk-bau-dienstleistungen.de\/wordpress\/#\/schema\/logo\/image\/","url":"https:\/\/www.nk-bau-dienstleistungen.de\/wordpress\/wp-content\/uploads\/2016\/06\/nikol_krechting-logowb512.png","contentUrl":"https:\/\/www.nk-bau-dienstleistungen.de\/wordpress\/wp-content\/uploads\/2016\/06\/nikol_krechting-logowb512.png","width":512,"height":512,"caption":"Nikol Krechting Bau \/ Dienstleistungen"},"image":{"@id":"https:\/\/www.nk-bau-dienstleistungen.de\/wordpress\/#\/schema\/logo\/image\/"}}]}},"_links":{"self":[{"href":"https:\/\/www.nk-bau-dienstleistungen.de\/wordpress\/wp-json\/wp\/v2\/pages\/2","targetHints":{"allow":["GET"]}}],"collection":[{"href":"https:\/\/www.nk-bau-dienstleistungen.de\/wordpress\/wp-json\/wp\/v2\/pages"}],"about":[{"href":"https:\/\/www.nk-bau-dienstleistungen.de\/wordpress\/wp-json\/wp\/v2\/types\/page"}],"author":[{"embeddable":true,"href":"https:\/\/www.nk-bau-dienstleistungen.de\/wordpress\/wp-json\/wp\/v2\/users\/2"}],"replies":[{"embeddable":true,"href":"https:\/\/www.nk-bau-dienstleistungen.de\/wordpress\/wp-json\/wp\/v2\/comments?post=2"}],"version-history":[{"count":14,"href":"https:\/\/www.nk-bau-dienstleistungen.de\/wordpress\/wp-json\/wp\/v2\/pages\/2\/revisions"}],"predecessor-version":[{"id":268,"href":"https:\/\/www.nk-bau-dienstleistungen.de\/wordpress\/wp-json\/wp\/v2\/pages\/2\/revisions\/268"}],"wp:attachment":[{"href":"https:\/\/www.nk-bau-dienstleistungen.de\/wordpress\/wp-json\/wp\/v2\/media?parent=2"}],"curies":[{"name":"wp","href":"https:\/\/api.w.org\/{rel}","templated":true}]}}