{"id":48,"date":"2016-06-12T16:36:05","date_gmt":"2016-06-12T16:36:05","guid":{"rendered":"http:\/\/www.nk-bau-dienstleistungen.de\/wordpress\/?page_id=48"},"modified":"2016-09-15T16:46:22","modified_gmt":"2016-09-15T16:46:22","slug":"sanierung","status":"publish","type":"page","link":"https:\/\/www.nk-bau-dienstleistungen.de\/wordpress\/sanierung\/","title":{"rendered":"Sanierung \/ Altbausanierung"},"content":{"rendered":"<p><img loading=\"lazy\" decoding=\"async\" class=\"alignnone wp-image-49\" src=\"http:\/\/www.nk-bau-dienstleistungen.de\/wordpress\/wp-content\/uploads\/2016\/06\/sanierung-300x199.jpg\" alt=\"Sanierung mit NK-Bau_Dienstleistungen Ortenau, Offenburg, Schutterwald\" width=\"751\" height=\"498\" srcset=\"https:\/\/www.nk-bau-dienstleistungen.de\/wordpress\/wp-content\/uploads\/2016\/06\/sanierung-300x199.jpg 300w, https:\/\/www.nk-bau-dienstleistungen.de\/wordpress\/wp-content\/uploads\/2016\/06\/sanierung-768x508.jpg 768w, https:\/\/www.nk-bau-dienstleistungen.de\/wordpress\/wp-content\/uploads\/2016\/06\/sanierung-1024x678.jpg 1024w, https:\/\/www.nk-bau-dienstleistungen.de\/wordpress\/wp-content\/uploads\/2016\/06\/sanierung.jpg 1920w\" sizes=\"auto, (max-width: 751px) 100vw, 751px\" \/><\/p>\n<h1>Altbausanierung \/ Sanierung von Haus und Immobilien<\/h1>\n<p>Um ein Haus oder ein Immobilie wieder den aktuellen Bed\u00fcrfnissen anzupassen bedarf es oft einer grundlegenden Sanierung. Gerne helfen wir Ihnen dabei, ermitteln den Sanierungsbedarf und beraten Sie dabei welche Ma\u00dfnahmen durchgef\u00fchrt werden m\u00fcssen. Unser Team aus Meister und qualifiziertem Fachpersonal sorgt f\u00fcr einen reibungslosen und z\u00fcgigen Ablauf der Sanierung \/ Altbausanierung und bald erstrahlt Ihr Haus oder Immobilie wieder im neuen Glanz. Nat\u00fcrlich energiesparend, mit neuer Stromversorgung, neuen Wasserleitungen und was sonst noch n\u00f6tig war.<\/p>\n<p><a href=\"http:\/\/www.nk-bau-dienstleistungen.de\/wordpress\/kontakt-impressum\/\">Kontaktieren<\/a> Sie uns, wir erstellen Ihnen gerne ein Angebot zur Sanierung.<\/p>\n<p>&nbsp;<\/p>\n","protected":false},"excerpt":{"rendered":"<p>Altbausanierung \/ Sanierung von Haus und Immobilien Um ein Haus oder ein Immobilie wieder den aktuellen Bed\u00fcrfnissen anzupassen bedarf es oft einer grundlegenden Sanierung. Gerne helfen wir Ihnen dabei, ermitteln den Sanierungsbedarf und beraten Sie dabei welche Ma\u00dfnahmen durchgef\u00fchrt werden m\u00fcssen. Unser Team aus Meister und qualifiziertem Fachpersonal sorgt f\u00fcr einen reibungslosen und z\u00fcgigen Ablauf [&hellip;]<\/p>\n","protected":false},"author":2,"featured_media":0,"parent":0,"menu_order":0,"comment_status":"closed","ping_status":"closed","template":"","meta":{"footnotes":""},"class_list":["post-48","page","type-page","status-publish","hentry"],"yoast_head":"<!-- This site is optimized with the Yoast SEO plugin v27.5 - https:\/\/yoast.com\/product\/yoast-seo-wordpress\/ -->\n<title>Altbausanierung \/ Sanierung von Haus und Immobilien.Ortenau, Offenburg, Schutterwald<\/title>\n<meta name=\"description\" content=\"Altbausanierung \/ Sanierung von Haus und Immobilien. Beratung, Ausf\u00fchrung und Koordination durch Meisterbetrieb. Ortenau, Offenburg, Schutterwald\" \/>\n<meta name=\"robots\" content=\"index, follow, max-snippet:-1, max-image-preview:large, max-video-preview:-1\" \/>\n<link rel=\"canonical\" href=\"https:\/\/www.nk-bau-dienstleistungen.de\/wordpress\/sanierung\/\" \/>\n<meta property=\"og:locale\" content=\"de_DE\" \/>\n<meta property=\"og:type\" content=\"article\" \/>\n<meta property=\"og:title\" content=\"Altbausanierung \/ Sanierung von Haus und Immobilien.Ortenau, Offenburg, Schutterwald\" \/>\n<meta property=\"og:description\" content=\"Altbausanierung \/ Sanierung von Haus und Immobilien. Beratung, Ausf\u00fchrung und Koordination durch Meisterbetrieb. Ortenau, Offenburg, Schutterwald\" \/>\n<meta property=\"og:url\" content=\"https:\/\/www.nk-bau-dienstleistungen.de\/wordpress\/sanierung\/\" \/>\n<meta property=\"og:site_name\" content=\"NK-Bau-Dienstleistungen\" \/>\n<meta property=\"article:modified_time\" content=\"2016-09-15T16:46:22+00:00\" \/>\n<meta property=\"og:image\" content=\"http:\/\/www.nk-bau-dienstleistungen.de\/wordpress\/wp-content\/uploads\/2016\/06\/sanierung-300x199.jpg\" \/>\n<meta name=\"twitter:card\" content=\"summary_large_image\" \/>\n<meta name=\"twitter:label1\" content=\"Gesch\u00e4tzte Lesezeit\" \/>\n\t<meta name=\"twitter:data1\" content=\"1\u00a0Minute\" \/>\n<script type=\"application\/ld+json\" class=\"yoast-schema-graph\">{\"@context\":\"https:\\\/\\\/schema.org\",\"@graph\":[{\"@type\":\"WebPage\",\"@id\":\"https:\\\/\\\/www.nk-bau-dienstleistungen.de\\\/wordpress\\\/sanierung\\\/\",\"url\":\"https:\\\/\\\/www.nk-bau-dienstleistungen.de\\\/wordpress\\\/sanierung\\\/\",\"name\":\"Altbausanierung \\\/ Sanierung von Haus und Immobilien.Ortenau, Offenburg, Schutterwald\",\"isPartOf\":{\"@id\":\"https:\\\/\\\/www.nk-bau-dienstleistungen.de\\\/wordpress\\\/#website\"},\"primaryImageOfPage\":{\"@id\":\"https:\\\/\\\/www.nk-bau-dienstleistungen.de\\\/wordpress\\\/sanierung\\\/#primaryimage\"},\"image\":{\"@id\":\"https:\\\/\\\/www.nk-bau-dienstleistungen.de\\\/wordpress\\\/sanierung\\\/#primaryimage\"},\"thumbnailUrl\":\"http:\\\/\\\/www.nk-bau-dienstleistungen.de\\\/wordpress\\\/wp-content\\\/uploads\\\/2016\\\/06\\\/sanierung-300x199.jpg\",\"datePublished\":\"2016-06-12T16:36:05+00:00\",\"dateModified\":\"2016-09-15T16:46:22+00:00\",\"description\":\"Altbausanierung \\\/ Sanierung von Haus und Immobilien. Beratung, Ausf\u00fchrung und Koordination durch Meisterbetrieb. Ortenau, Offenburg, Schutterwald\",\"breadcrumb\":{\"@id\":\"https:\\\/\\\/www.nk-bau-dienstleistungen.de\\\/wordpress\\\/sanierung\\\/#breadcrumb\"},\"inLanguage\":\"de\",\"potentialAction\":[{\"@type\":\"ReadAction\",\"target\":[\"https:\\\/\\\/www.nk-bau-dienstleistungen.de\\\/wordpress\\\/sanierung\\\/\"]}]},{\"@type\":\"ImageObject\",\"inLanguage\":\"de\",\"@id\":\"https:\\\/\\\/www.nk-bau-dienstleistungen.de\\\/wordpress\\\/sanierung\\\/#primaryimage\",\"url\":\"http:\\\/\\\/www.nk-bau-dienstleistungen.de\\\/wordpress\\\/wp-content\\\/uploads\\\/2016\\\/06\\\/sanierung-300x199.jpg\",\"contentUrl\":\"http:\\\/\\\/www.nk-bau-dienstleistungen.de\\\/wordpress\\\/wp-content\\\/uploads\\\/2016\\\/06\\\/sanierung-300x199.jpg\"},{\"@type\":\"BreadcrumbList\",\"@id\":\"https:\\\/\\\/www.nk-bau-dienstleistungen.de\\\/wordpress\\\/sanierung\\\/#breadcrumb\",\"itemListElement\":[{\"@type\":\"ListItem\",\"position\":1,\"name\":\"Startseite\",\"item\":\"https:\\\/\\\/www.nk-bau-dienstleistungen.de\\\/wordpress\\\/\"},{\"@type\":\"ListItem\",\"position\":2,\"name\":\"Sanierung \\\/ Altbausanierung\"}]},{\"@type\":\"WebSite\",\"@id\":\"https:\\\/\\\/www.nk-bau-dienstleistungen.de\\\/wordpress\\\/#website\",\"url\":\"https:\\\/\\\/www.nk-bau-dienstleistungen.de\\\/wordpress\\\/\",\"name\":\"NK-Bau-Dienstleistungen\",\"description\":\"Dienstleistungen rund um Haus und Garten. Reinigung von Baustellen, Geb\u00e4uden, Fenstern und Garagen und Tiefgaragen..\",\"publisher\":{\"@id\":\"https:\\\/\\\/www.nk-bau-dienstleistungen.de\\\/wordpress\\\/#organization\"},\"potentialAction\":[{\"@type\":\"SearchAction\",\"target\":{\"@type\":\"EntryPoint\",\"urlTemplate\":\"https:\\\/\\\/www.nk-bau-dienstleistungen.de\\\/wordpress\\\/?s={search_term_string}\"},\"query-input\":{\"@type\":\"PropertyValueSpecification\",\"valueRequired\":true,\"valueName\":\"search_term_string\"}}],\"inLanguage\":\"de\"},{\"@type\":\"Organization\",\"@id\":\"https:\\\/\\\/www.nk-bau-dienstleistungen.de\\\/wordpress\\\/#organization\",\"name\":\"Nikol Krechting Bau \\\/ Dienstleistungen\",\"url\":\"https:\\\/\\\/www.nk-bau-dienstleistungen.de\\\/wordpress\\\/\",\"logo\":{\"@type\":\"ImageObject\",\"inLanguage\":\"de\",\"@id\":\"https:\\\/\\\/www.nk-bau-dienstleistungen.de\\\/wordpress\\\/#\\\/schema\\\/logo\\\/image\\\/\",\"url\":\"https:\\\/\\\/www.nk-bau-dienstleistungen.de\\\/wordpress\\\/wp-content\\\/uploads\\\/2016\\\/06\\\/nikol_krechting-logowb512.png\",\"contentUrl\":\"https:\\\/\\\/www.nk-bau-dienstleistungen.de\\\/wordpress\\\/wp-content\\\/uploads\\\/2016\\\/06\\\/nikol_krechting-logowb512.png\",\"width\":512,\"height\":512,\"caption\":\"Nikol Krechting Bau \\\/ Dienstleistungen\"},\"image\":{\"@id\":\"https:\\\/\\\/www.nk-bau-dienstleistungen.de\\\/wordpress\\\/#\\\/schema\\\/logo\\\/image\\\/\"}}]}<\/script>\n<!-- \/ Yoast SEO plugin. -->","yoast_head_json":{"title":"Altbausanierung \/ Sanierung von Haus und Immobilien.Ortenau, Offenburg, Schutterwald","description":"Altbausanierung \/ Sanierung von Haus und Immobilien. Beratung, Ausf\u00fchrung und Koordination durch Meisterbetrieb. Ortenau, Offenburg, Schutterwald","robots":{"index":"index","follow":"follow","max-snippet":"max-snippet:-1","max-image-preview":"max-image-preview:large","max-video-preview":"max-video-preview:-1"},"canonical":"https:\/\/www.nk-bau-dienstleistungen.de\/wordpress\/sanierung\/","og_locale":"de_DE","og_type":"article","og_title":"Altbausanierung \/ Sanierung von Haus und Immobilien.Ortenau, Offenburg, Schutterwald","og_description":"Altbausanierung \/ Sanierung von Haus und Immobilien. Beratung, Ausf\u00fchrung und Koordination durch Meisterbetrieb. Ortenau, Offenburg, Schutterwald","og_url":"https:\/\/www.nk-bau-dienstleistungen.de\/wordpress\/sanierung\/","og_site_name":"NK-Bau-Dienstleistungen","article_modified_time":"2016-09-15T16:46:22+00:00","og_image":[{"url":"http:\/\/www.nk-bau-dienstleistungen.de\/wordpress\/wp-content\/uploads\/2016\/06\/sanierung-300x199.jpg","type":"","width":"","height":""}],"twitter_card":"summary_large_image","twitter_misc":{"Gesch\u00e4tzte Lesezeit":"1\u00a0Minute"},"schema":{"@context":"https:\/\/schema.org","@graph":[{"@type":"WebPage","@id":"https:\/\/www.nk-bau-dienstleistungen.de\/wordpress\/sanierung\/","url":"https:\/\/www.nk-bau-dienstleistungen.de\/wordpress\/sanierung\/","name":"Altbausanierung \/ Sanierung von Haus und Immobilien.Ortenau, Offenburg, Schutterwald","isPartOf":{"@id":"https:\/\/www.nk-bau-dienstleistungen.de\/wordpress\/#website"},"primaryImageOfPage":{"@id":"https:\/\/www.nk-bau-dienstleistungen.de\/wordpress\/sanierung\/#primaryimage"},"image":{"@id":"https:\/\/www.nk-bau-dienstleistungen.de\/wordpress\/sanierung\/#primaryimage"},"thumbnailUrl":"http:\/\/www.nk-bau-dienstleistungen.de\/wordpress\/wp-content\/uploads\/2016\/06\/sanierung-300x199.jpg","datePublished":"2016-06-12T16:36:05+00:00","dateModified":"2016-09-15T16:46:22+00:00","description":"Altbausanierung \/ Sanierung von Haus und Immobilien. Beratung, Ausf\u00fchrung und Koordination durch Meisterbetrieb. Ortenau, Offenburg, Schutterwald","breadcrumb":{"@id":"https:\/\/www.nk-bau-dienstleistungen.de\/wordpress\/sanierung\/#breadcrumb"},"inLanguage":"de","potentialAction":[{"@type":"ReadAction","target":["https:\/\/www.nk-bau-dienstleistungen.de\/wordpress\/sanierung\/"]}]},{"@type":"ImageObject","inLanguage":"de","@id":"https:\/\/www.nk-bau-dienstleistungen.de\/wordpress\/sanierung\/#primaryimage","url":"http:\/\/www.nk-bau-dienstleistungen.de\/wordpress\/wp-content\/uploads\/2016\/06\/sanierung-300x199.jpg","contentUrl":"http:\/\/www.nk-bau-dienstleistungen.de\/wordpress\/wp-content\/uploads\/2016\/06\/sanierung-300x199.jpg"},{"@type":"BreadcrumbList","@id":"https:\/\/www.nk-bau-dienstleistungen.de\/wordpress\/sanierung\/#breadcrumb","itemListElement":[{"@type":"ListItem","position":1,"name":"Startseite","item":"https:\/\/www.nk-bau-dienstleistungen.de\/wordpress\/"},{"@type":"ListItem","position":2,"name":"Sanierung \/ Altbausanierung"}]},{"@type":"WebSite","@id":"https:\/\/www.nk-bau-dienstleistungen.de\/wordpress\/#website","url":"https:\/\/www.nk-bau-dienstleistungen.de\/wordpress\/","name":"NK-Bau-Dienstleistungen","description":"Dienstleistungen rund um Haus und Garten. Reinigung von Baustellen, Geb\u00e4uden, Fenstern und Garagen und Tiefgaragen..","publisher":{"@id":"https:\/\/www.nk-bau-dienstleistungen.de\/wordpress\/#organization"},"potentialAction":[{"@type":"SearchAction","target":{"@type":"EntryPoint","urlTemplate":"https:\/\/www.nk-bau-dienstleistungen.de\/wordpress\/?s={search_term_string}"},"query-input":{"@type":"PropertyValueSpecification","valueRequired":true,"valueName":"search_term_string"}}],"inLanguage":"de"},{"@type":"Organization","@id":"https:\/\/www.nk-bau-dienstleistungen.de\/wordpress\/#organization","name":"Nikol Krechting Bau \/ Dienstleistungen","url":"https:\/\/www.nk-bau-dienstleistungen.de\/wordpress\/","logo":{"@type":"ImageObject","inLanguage":"de","@id":"https:\/\/www.nk-bau-dienstleistungen.de\/wordpress\/#\/schema\/logo\/image\/","url":"https:\/\/www.nk-bau-dienstleistungen.de\/wordpress\/wp-content\/uploads\/2016\/06\/nikol_krechting-logowb512.png","contentUrl":"https:\/\/www.nk-bau-dienstleistungen.de\/wordpress\/wp-content\/uploads\/2016\/06\/nikol_krechting-logowb512.png","width":512,"height":512,"caption":"Nikol Krechting Bau \/ Dienstleistungen"},"image":{"@id":"https:\/\/www.nk-bau-dienstleistungen.de\/wordpress\/#\/schema\/logo\/image\/"}}]}},"_links":{"self":[{"href":"https:\/\/www.nk-bau-dienstleistungen.de\/wordpress\/wp-json\/wp\/v2\/pages\/48","targetHints":{"allow":["GET"]}}],"collection":[{"href":"https:\/\/www.nk-bau-dienstleistungen.de\/wordpress\/wp-json\/wp\/v2\/pages"}],"about":[{"href":"https:\/\/www.nk-bau-dienstleistungen.de\/wordpress\/wp-json\/wp\/v2\/types\/page"}],"author":[{"embeddable":true,"href":"https:\/\/www.nk-bau-dienstleistungen.de\/wordpress\/wp-json\/wp\/v2\/users\/2"}],"replies":[{"embeddable":true,"href":"https:\/\/www.nk-bau-dienstleistungen.de\/wordpress\/wp-json\/wp\/v2\/comments?post=48"}],"version-history":[{"count":7,"href":"https:\/\/www.nk-bau-dienstleistungen.de\/wordpress\/wp-json\/wp\/v2\/pages\/48\/revisions"}],"predecessor-version":[{"id":256,"href":"https:\/\/www.nk-bau-dienstleistungen.de\/wordpress\/wp-json\/wp\/v2\/pages\/48\/revisions\/256"}],"wp:attachment":[{"href":"https:\/\/www.nk-bau-dienstleistungen.de\/wordpress\/wp-json\/wp\/v2\/media?parent=48"}],"curies":[{"name":"wp","href":"https:\/\/api.w.org\/{rel}","templated":true}]}}