{"id":72,"date":"2016-06-14T18:16:57","date_gmt":"2016-06-14T18:16:57","guid":{"rendered":"http:\/\/www.nk-bau-dienstleistungen.de\/wordpress\/?page_id=72"},"modified":"2016-08-07T11:22:00","modified_gmt":"2016-08-07T11:22:00","slug":"maeharbeiten","status":"publish","type":"page","link":"https:\/\/www.nk-bau-dienstleistungen.de\/wordpress\/maeharbeiten\/","title":{"rendered":"M\u00e4harbeiten"},"content":{"rendered":"<p><img loading=\"lazy\" decoding=\"async\" class=\"alignnone wp-image-65\" src=\"http:\/\/www.nk-bau-dienstleistungen.de\/wordpress\/wp-content\/uploads\/2016\/06\/rasenmaeher-300x199.jpg\" alt=\"M\u00e4harbeiten ; Rasenpflege, Rasen m\u00e4hen durch Krechting Dienstleistungen Ortenau, Offenburg, Schutterwald\" width=\"751\" height=\"498\" srcset=\"https:\/\/www.nk-bau-dienstleistungen.de\/wordpress\/wp-content\/uploads\/2016\/06\/rasenmaeher-300x199.jpg 300w, https:\/\/www.nk-bau-dienstleistungen.de\/wordpress\/wp-content\/uploads\/2016\/06\/rasenmaeher-768x510.jpg 768w, https:\/\/www.nk-bau-dienstleistungen.de\/wordpress\/wp-content\/uploads\/2016\/06\/rasenmaeher-1024x680.jpg 1024w, https:\/\/www.nk-bau-dienstleistungen.de\/wordpress\/wp-content\/uploads\/2016\/06\/rasenmaeher.jpg 1920w\" sizes=\"auto, (max-width: 751px) 100vw, 751px\" \/><\/p>\n<h2>Rasen m\u00e4hen, Rasenpflege und M\u00e4harbeiten vom Profi<\/h2>\n<p>Zu einem sch\u00f6nen Garten geh\u00f6rt ein gepflegter Rasen. Dieser sollte jedoch regelm\u00e4\u00dfig gem\u00e4ht und ged\u00fcngt werden um einen optimalen Wuchs und eine gleichm\u00e4\u00dfige Dichte zu haben. Neben den M\u00e4harbeiten entfernen wir, auf Wunsch, auch das Unkraut welches den Rasen sch\u00e4digt und oft unsch\u00f6ne Stellen hinterl\u00e4sst. Sie k\u00f6nnen diese Dienstleistung als Einzelaktion bekommen oder als regelm\u00e4\u00dfigen Kundendienst. Somit haben Sie mehr Zeit es sich in Ihrem Garten gem\u00fctlich zu machen und ihn zu geniesen.<\/p>\n<p>Neben der Rasenpflege f\u00fchren wir auch sonstige <a href=\"http:\/\/www.nk-bau-dienstleistungen.de\/wordpress\/vegetationspflege\/\">Vegetationspflege <\/a>wie <a href=\"http:\/\/www.nk-bau-dienstleistungen.de\/wordpress\/rueckschnitt\/\">R\u00fcckschnitt der Hecken und B\u00e4ume<\/a> durch und pflanzen neue Blumen, Str\u00e4ucher und Hecken ein. Gerne planen und gestalten wir auch ihre <a href=\"http:\/\/www.nk-bau-dienstleistungen.de\/wordpress\/aussenanlagen\/\">Au\u00dfenanlage <\/a>von klassisch bis modern. Lassen Sie uns Ihre W\u00fcnsche wissen, wir realisieren sie gerne.<\/p>\n<p>Entspannen Sie und genie\u00dfen Ihren Garten, wir m\u00e4hen Ihren Rasen. <a href=\"http:\/\/www.nk-bau-dienstleistungen.de\/wordpress\/kontakt-impressum\/\">Kontaktieren<\/a> Sie uns.<\/p>\n","protected":false},"excerpt":{"rendered":"<p>Rasen m\u00e4hen, Rasenpflege und M\u00e4harbeiten vom Profi Zu einem sch\u00f6nen Garten geh\u00f6rt ein gepflegter Rasen. Dieser sollte jedoch regelm\u00e4\u00dfig gem\u00e4ht und ged\u00fcngt werden um einen optimalen Wuchs und eine gleichm\u00e4\u00dfige Dichte zu haben. Neben den M\u00e4harbeiten entfernen wir, auf Wunsch, auch das Unkraut welches den Rasen sch\u00e4digt und oft unsch\u00f6ne Stellen hinterl\u00e4sst. Sie k\u00f6nnen diese [&hellip;]<\/p>\n","protected":false},"author":2,"featured_media":0,"parent":0,"menu_order":0,"comment_status":"closed","ping_status":"closed","template":"","meta":{"footnotes":""},"class_list":["post-72","page","type-page","status-publish","hentry"],"yoast_head":"<!-- This site is optimized with the Yoast SEO plugin v27.5 - https:\/\/yoast.com\/product\/yoast-seo-wordpress\/ -->\n<title>M\u00e4harbeiten, und Vegetationspflege. Ortenau, Offenburg, Schutterwald<\/title>\n<meta name=\"description\" content=\"M\u00e4harbeiten, Rasenpflege, Unkrautentfernung, Vegetationspflege und Rasen m\u00e4hen vom Profi. Ortenau, Offenburg, Schutterwald\" \/>\n<meta name=\"robots\" content=\"index, follow, max-snippet:-1, max-image-preview:large, max-video-preview:-1\" \/>\n<link rel=\"canonical\" href=\"https:\/\/www.nk-bau-dienstleistungen.de\/wordpress\/maeharbeiten\/\" \/>\n<meta property=\"og:locale\" content=\"de_DE\" \/>\n<meta property=\"og:type\" content=\"article\" \/>\n<meta property=\"og:title\" content=\"M\u00e4harbeiten, und Vegetationspflege. Ortenau, Offenburg, Schutterwald\" \/>\n<meta property=\"og:description\" content=\"M\u00e4harbeiten, Rasenpflege, Unkrautentfernung, Vegetationspflege und Rasen m\u00e4hen vom Profi. Ortenau, Offenburg, Schutterwald\" \/>\n<meta property=\"og:url\" content=\"https:\/\/www.nk-bau-dienstleistungen.de\/wordpress\/maeharbeiten\/\" \/>\n<meta property=\"og:site_name\" content=\"NK-Bau-Dienstleistungen\" \/>\n<meta property=\"article:modified_time\" content=\"2016-08-07T11:22:00+00:00\" \/>\n<meta property=\"og:image\" content=\"http:\/\/www.nk-bau-dienstleistungen.de\/wordpress\/wp-content\/uploads\/2016\/06\/rasenmaeher-300x199.jpg\" \/>\n<meta name=\"twitter:card\" content=\"summary_large_image\" \/>\n<meta name=\"twitter:label1\" content=\"Gesch\u00e4tzte Lesezeit\" \/>\n\t<meta name=\"twitter:data1\" content=\"1\u00a0Minute\" \/>\n<script type=\"application\/ld+json\" class=\"yoast-schema-graph\">{\"@context\":\"https:\\\/\\\/schema.org\",\"@graph\":[{\"@type\":\"WebPage\",\"@id\":\"https:\\\/\\\/www.nk-bau-dienstleistungen.de\\\/wordpress\\\/maeharbeiten\\\/\",\"url\":\"https:\\\/\\\/www.nk-bau-dienstleistungen.de\\\/wordpress\\\/maeharbeiten\\\/\",\"name\":\"M\u00e4harbeiten, und Vegetationspflege. Ortenau, Offenburg, Schutterwald\",\"isPartOf\":{\"@id\":\"https:\\\/\\\/www.nk-bau-dienstleistungen.de\\\/wordpress\\\/#website\"},\"primaryImageOfPage\":{\"@id\":\"https:\\\/\\\/www.nk-bau-dienstleistungen.de\\\/wordpress\\\/maeharbeiten\\\/#primaryimage\"},\"image\":{\"@id\":\"https:\\\/\\\/www.nk-bau-dienstleistungen.de\\\/wordpress\\\/maeharbeiten\\\/#primaryimage\"},\"thumbnailUrl\":\"http:\\\/\\\/www.nk-bau-dienstleistungen.de\\\/wordpress\\\/wp-content\\\/uploads\\\/2016\\\/06\\\/rasenmaeher-300x199.jpg\",\"datePublished\":\"2016-06-14T18:16:57+00:00\",\"dateModified\":\"2016-08-07T11:22:00+00:00\",\"description\":\"M\u00e4harbeiten, Rasenpflege, Unkrautentfernung, Vegetationspflege und Rasen m\u00e4hen vom Profi. Ortenau, Offenburg, Schutterwald\",\"breadcrumb\":{\"@id\":\"https:\\\/\\\/www.nk-bau-dienstleistungen.de\\\/wordpress\\\/maeharbeiten\\\/#breadcrumb\"},\"inLanguage\":\"de\",\"potentialAction\":[{\"@type\":\"ReadAction\",\"target\":[\"https:\\\/\\\/www.nk-bau-dienstleistungen.de\\\/wordpress\\\/maeharbeiten\\\/\"]}]},{\"@type\":\"ImageObject\",\"inLanguage\":\"de\",\"@id\":\"https:\\\/\\\/www.nk-bau-dienstleistungen.de\\\/wordpress\\\/maeharbeiten\\\/#primaryimage\",\"url\":\"http:\\\/\\\/www.nk-bau-dienstleistungen.de\\\/wordpress\\\/wp-content\\\/uploads\\\/2016\\\/06\\\/rasenmaeher-300x199.jpg\",\"contentUrl\":\"http:\\\/\\\/www.nk-bau-dienstleistungen.de\\\/wordpress\\\/wp-content\\\/uploads\\\/2016\\\/06\\\/rasenmaeher-300x199.jpg\"},{\"@type\":\"BreadcrumbList\",\"@id\":\"https:\\\/\\\/www.nk-bau-dienstleistungen.de\\\/wordpress\\\/maeharbeiten\\\/#breadcrumb\",\"itemListElement\":[{\"@type\":\"ListItem\",\"position\":1,\"name\":\"Startseite\",\"item\":\"https:\\\/\\\/www.nk-bau-dienstleistungen.de\\\/wordpress\\\/\"},{\"@type\":\"ListItem\",\"position\":2,\"name\":\"M\u00e4harbeiten\"}]},{\"@type\":\"WebSite\",\"@id\":\"https:\\\/\\\/www.nk-bau-dienstleistungen.de\\\/wordpress\\\/#website\",\"url\":\"https:\\\/\\\/www.nk-bau-dienstleistungen.de\\\/wordpress\\\/\",\"name\":\"NK-Bau-Dienstleistungen\",\"description\":\"Dienstleistungen rund um Haus und Garten. Reinigung von Baustellen, Geb\u00e4uden, Fenstern und Garagen und Tiefgaragen..\",\"publisher\":{\"@id\":\"https:\\\/\\\/www.nk-bau-dienstleistungen.de\\\/wordpress\\\/#organization\"},\"potentialAction\":[{\"@type\":\"SearchAction\",\"target\":{\"@type\":\"EntryPoint\",\"urlTemplate\":\"https:\\\/\\\/www.nk-bau-dienstleistungen.de\\\/wordpress\\\/?s={search_term_string}\"},\"query-input\":{\"@type\":\"PropertyValueSpecification\",\"valueRequired\":true,\"valueName\":\"search_term_string\"}}],\"inLanguage\":\"de\"},{\"@type\":\"Organization\",\"@id\":\"https:\\\/\\\/www.nk-bau-dienstleistungen.de\\\/wordpress\\\/#organization\",\"name\":\"Nikol Krechting Bau \\\/ Dienstleistungen\",\"url\":\"https:\\\/\\\/www.nk-bau-dienstleistungen.de\\\/wordpress\\\/\",\"logo\":{\"@type\":\"ImageObject\",\"inLanguage\":\"de\",\"@id\":\"https:\\\/\\\/www.nk-bau-dienstleistungen.de\\\/wordpress\\\/#\\\/schema\\\/logo\\\/image\\\/\",\"url\":\"https:\\\/\\\/www.nk-bau-dienstleistungen.de\\\/wordpress\\\/wp-content\\\/uploads\\\/2016\\\/06\\\/nikol_krechting-logowb512.png\",\"contentUrl\":\"https:\\\/\\\/www.nk-bau-dienstleistungen.de\\\/wordpress\\\/wp-content\\\/uploads\\\/2016\\\/06\\\/nikol_krechting-logowb512.png\",\"width\":512,\"height\":512,\"caption\":\"Nikol Krechting Bau \\\/ Dienstleistungen\"},\"image\":{\"@id\":\"https:\\\/\\\/www.nk-bau-dienstleistungen.de\\\/wordpress\\\/#\\\/schema\\\/logo\\\/image\\\/\"}}]}<\/script>\n<!-- \/ Yoast SEO plugin. -->","yoast_head_json":{"title":"M\u00e4harbeiten, und Vegetationspflege. Ortenau, Offenburg, Schutterwald","description":"M\u00e4harbeiten, Rasenpflege, Unkrautentfernung, Vegetationspflege und Rasen m\u00e4hen vom Profi. Ortenau, Offenburg, Schutterwald","robots":{"index":"index","follow":"follow","max-snippet":"max-snippet:-1","max-image-preview":"max-image-preview:large","max-video-preview":"max-video-preview:-1"},"canonical":"https:\/\/www.nk-bau-dienstleistungen.de\/wordpress\/maeharbeiten\/","og_locale":"de_DE","og_type":"article","og_title":"M\u00e4harbeiten, und Vegetationspflege. Ortenau, Offenburg, Schutterwald","og_description":"M\u00e4harbeiten, Rasenpflege, Unkrautentfernung, Vegetationspflege und Rasen m\u00e4hen vom Profi. Ortenau, Offenburg, Schutterwald","og_url":"https:\/\/www.nk-bau-dienstleistungen.de\/wordpress\/maeharbeiten\/","og_site_name":"NK-Bau-Dienstleistungen","article_modified_time":"2016-08-07T11:22:00+00:00","og_image":[{"url":"http:\/\/www.nk-bau-dienstleistungen.de\/wordpress\/wp-content\/uploads\/2016\/06\/rasenmaeher-300x199.jpg","type":"","width":"","height":""}],"twitter_card":"summary_large_image","twitter_misc":{"Gesch\u00e4tzte Lesezeit":"1\u00a0Minute"},"schema":{"@context":"https:\/\/schema.org","@graph":[{"@type":"WebPage","@id":"https:\/\/www.nk-bau-dienstleistungen.de\/wordpress\/maeharbeiten\/","url":"https:\/\/www.nk-bau-dienstleistungen.de\/wordpress\/maeharbeiten\/","name":"M\u00e4harbeiten, und Vegetationspflege. Ortenau, Offenburg, Schutterwald","isPartOf":{"@id":"https:\/\/www.nk-bau-dienstleistungen.de\/wordpress\/#website"},"primaryImageOfPage":{"@id":"https:\/\/www.nk-bau-dienstleistungen.de\/wordpress\/maeharbeiten\/#primaryimage"},"image":{"@id":"https:\/\/www.nk-bau-dienstleistungen.de\/wordpress\/maeharbeiten\/#primaryimage"},"thumbnailUrl":"http:\/\/www.nk-bau-dienstleistungen.de\/wordpress\/wp-content\/uploads\/2016\/06\/rasenmaeher-300x199.jpg","datePublished":"2016-06-14T18:16:57+00:00","dateModified":"2016-08-07T11:22:00+00:00","description":"M\u00e4harbeiten, Rasenpflege, Unkrautentfernung, Vegetationspflege und Rasen m\u00e4hen vom Profi. Ortenau, Offenburg, Schutterwald","breadcrumb":{"@id":"https:\/\/www.nk-bau-dienstleistungen.de\/wordpress\/maeharbeiten\/#breadcrumb"},"inLanguage":"de","potentialAction":[{"@type":"ReadAction","target":["https:\/\/www.nk-bau-dienstleistungen.de\/wordpress\/maeharbeiten\/"]}]},{"@type":"ImageObject","inLanguage":"de","@id":"https:\/\/www.nk-bau-dienstleistungen.de\/wordpress\/maeharbeiten\/#primaryimage","url":"http:\/\/www.nk-bau-dienstleistungen.de\/wordpress\/wp-content\/uploads\/2016\/06\/rasenmaeher-300x199.jpg","contentUrl":"http:\/\/www.nk-bau-dienstleistungen.de\/wordpress\/wp-content\/uploads\/2016\/06\/rasenmaeher-300x199.jpg"},{"@type":"BreadcrumbList","@id":"https:\/\/www.nk-bau-dienstleistungen.de\/wordpress\/maeharbeiten\/#breadcrumb","itemListElement":[{"@type":"ListItem","position":1,"name":"Startseite","item":"https:\/\/www.nk-bau-dienstleistungen.de\/wordpress\/"},{"@type":"ListItem","position":2,"name":"M\u00e4harbeiten"}]},{"@type":"WebSite","@id":"https:\/\/www.nk-bau-dienstleistungen.de\/wordpress\/#website","url":"https:\/\/www.nk-bau-dienstleistungen.de\/wordpress\/","name":"NK-Bau-Dienstleistungen","description":"Dienstleistungen rund um Haus und Garten. Reinigung von Baustellen, Geb\u00e4uden, Fenstern und Garagen und Tiefgaragen..","publisher":{"@id":"https:\/\/www.nk-bau-dienstleistungen.de\/wordpress\/#organization"},"potentialAction":[{"@type":"SearchAction","target":{"@type":"EntryPoint","urlTemplate":"https:\/\/www.nk-bau-dienstleistungen.de\/wordpress\/?s={search_term_string}"},"query-input":{"@type":"PropertyValueSpecification","valueRequired":true,"valueName":"search_term_string"}}],"inLanguage":"de"},{"@type":"Organization","@id":"https:\/\/www.nk-bau-dienstleistungen.de\/wordpress\/#organization","name":"Nikol Krechting Bau \/ Dienstleistungen","url":"https:\/\/www.nk-bau-dienstleistungen.de\/wordpress\/","logo":{"@type":"ImageObject","inLanguage":"de","@id":"https:\/\/www.nk-bau-dienstleistungen.de\/wordpress\/#\/schema\/logo\/image\/","url":"https:\/\/www.nk-bau-dienstleistungen.de\/wordpress\/wp-content\/uploads\/2016\/06\/nikol_krechting-logowb512.png","contentUrl":"https:\/\/www.nk-bau-dienstleistungen.de\/wordpress\/wp-content\/uploads\/2016\/06\/nikol_krechting-logowb512.png","width":512,"height":512,"caption":"Nikol Krechting Bau \/ Dienstleistungen"},"image":{"@id":"https:\/\/www.nk-bau-dienstleistungen.de\/wordpress\/#\/schema\/logo\/image\/"}}]}},"_links":{"self":[{"href":"https:\/\/www.nk-bau-dienstleistungen.de\/wordpress\/wp-json\/wp\/v2\/pages\/72","targetHints":{"allow":["GET"]}}],"collection":[{"href":"https:\/\/www.nk-bau-dienstleistungen.de\/wordpress\/wp-json\/wp\/v2\/pages"}],"about":[{"href":"https:\/\/www.nk-bau-dienstleistungen.de\/wordpress\/wp-json\/wp\/v2\/types\/page"}],"author":[{"embeddable":true,"href":"https:\/\/www.nk-bau-dienstleistungen.de\/wordpress\/wp-json\/wp\/v2\/users\/2"}],"replies":[{"embeddable":true,"href":"https:\/\/www.nk-bau-dienstleistungen.de\/wordpress\/wp-json\/wp\/v2\/comments?post=72"}],"version-history":[{"count":5,"href":"https:\/\/www.nk-bau-dienstleistungen.de\/wordpress\/wp-json\/wp\/v2\/pages\/72\/revisions"}],"predecessor-version":[{"id":218,"href":"https:\/\/www.nk-bau-dienstleistungen.de\/wordpress\/wp-json\/wp\/v2\/pages\/72\/revisions\/218"}],"wp:attachment":[{"href":"https:\/\/www.nk-bau-dienstleistungen.de\/wordpress\/wp-json\/wp\/v2\/media?parent=72"}],"curies":[{"name":"wp","href":"https:\/\/api.w.org\/{rel}","templated":true}]}}