{"id":79,"date":"2016-06-14T18:44:14","date_gmt":"2016-06-14T18:44:14","guid":{"rendered":"http:\/\/www.nk-bau-dienstleistungen.de\/wordpress\/?page_id=79"},"modified":"2016-08-07T11:50:41","modified_gmt":"2016-08-07T11:50:41","slug":"rueckschnitt","status":"publish","type":"page","link":"https:\/\/www.nk-bau-dienstleistungen.de\/wordpress\/rueckschnitt\/","title":{"rendered":"R\u00fcckschnitt"},"content":{"rendered":"<p><img loading=\"lazy\" decoding=\"async\" class=\"alignnone wp-image-78\" src=\"http:\/\/www.nk-bau-dienstleistungen.de\/wordpress\/wp-content\/uploads\/2016\/06\/hecke-300x200.jpg\" alt=\"Heckenschnitt und R\u00fcckschnitt von Krechting Dienstleistungen\" width=\"749\" height=\"499\" srcset=\"https:\/\/www.nk-bau-dienstleistungen.de\/wordpress\/wp-content\/uploads\/2016\/06\/hecke-300x200.jpg 300w, https:\/\/www.nk-bau-dienstleistungen.de\/wordpress\/wp-content\/uploads\/2016\/06\/hecke-768x512.jpg 768w, https:\/\/www.nk-bau-dienstleistungen.de\/wordpress\/wp-content\/uploads\/2016\/06\/hecke-1024x683.jpg 1024w, https:\/\/www.nk-bau-dienstleistungen.de\/wordpress\/wp-content\/uploads\/2016\/06\/hecke.jpg 1920w\" sizes=\"auto, (max-width: 749px) 100vw, 749px\" \/><\/p>\n<h1>R\u00fcckschnitt und Vegetationspflege<\/h1>\n<h2>Hecken und B\u00e4ume schneiden und pflegen<\/h2>\n<p>Hecken und B\u00fcsche, dekorative Elemente des Gartens, sch\u00f6ner Sicht- und Schallschutz im Garten, bed\u00fcrfen einer regelm\u00e4\u00dfigen Pflege. So sollten die Hecken und B\u00fcsche nach einiger Zeit durch gezielten R\u00fcckschnitt wieder in Form gebracht werden. Durch den R\u00fcckschnitt wird dem verholzen der Hecken und B\u00fcsche entgegengewirkt, so dass die Pflanzen auch im Inneren noch dicht sind.<\/p>\n<p>Auch die B\u00e4ume bed\u00fcrfen einer Pflege. So sollten die B\u00e4ume regelm\u00e4\u00dfige beschnitten werden um die gew\u00fcnschte Form zu erhalten oder den gew\u00fcnschten Wuchs zu erzielen. Hierbei wird krankes oder totes Holz fachgerecht entfernt und die Schnittstellen entsprechend versiegelt.<\/p>\n<p>Diese Dienstleistungen f\u00fchren wir als Auftragsarbeit oder auch in regelm\u00e4\u00dfigen Intervallen durch. Somit k\u00f6nnen Sie ihren Garten genie\u00dfen, die Arbeit machen wir.<\/p>\n<p><a href=\"http:\/\/www.nk-bau-dienstleistungen.de\/wordpress\/kontakt-impressum\/\">Kontaktieren<\/a> Sie uns, wir erstellen Ihnen gerne ein Angebot.<\/p>\n","protected":false},"excerpt":{"rendered":"<p>R\u00fcckschnitt und Vegetationspflege Hecken und B\u00e4ume schneiden und pflegen Hecken und B\u00fcsche, dekorative Elemente des Gartens, sch\u00f6ner Sicht- und Schallschutz im Garten, bed\u00fcrfen einer regelm\u00e4\u00dfigen Pflege. So sollten die Hecken und B\u00fcsche nach einiger Zeit durch gezielten R\u00fcckschnitt wieder in Form gebracht werden. Durch den R\u00fcckschnitt wird dem verholzen der Hecken und B\u00fcsche entgegengewirkt, so [&hellip;]<\/p>\n","protected":false},"author":2,"featured_media":0,"parent":0,"menu_order":0,"comment_status":"closed","ping_status":"closed","template":"","meta":{"footnotes":""},"class_list":["post-79","page","type-page","status-publish","hentry"],"yoast_head":"<!-- This site is optimized with the Yoast SEO plugin v27.6 - https:\/\/yoast.com\/product\/yoast-seo-wordpress\/ -->\n<title>R\u00fcckschnitt und Vegetationspflege. Ortenau, Offenburg, Schutterwald.<\/title>\n<meta name=\"description\" content=\"R\u00fcckschnitt und Vegetationspflege. Hecken und B\u00e4ume fachgerecht schneiden und pflegen. Ortenau, Offenburg, Schutterwald. NK-Bau-Dienstleistungen.\" \/>\n<meta name=\"robots\" content=\"index, follow, max-snippet:-1, max-image-preview:large, max-video-preview:-1\" \/>\n<link rel=\"canonical\" href=\"https:\/\/www.nk-bau-dienstleistungen.de\/wordpress\/rueckschnitt\/\" \/>\n<meta property=\"og:locale\" content=\"de_DE\" \/>\n<meta property=\"og:type\" content=\"article\" \/>\n<meta property=\"og:title\" content=\"R\u00fcckschnitt und Vegetationspflege. Ortenau, Offenburg, Schutterwald.\" \/>\n<meta property=\"og:description\" content=\"R\u00fcckschnitt und Vegetationspflege. Hecken und B\u00e4ume fachgerecht schneiden und pflegen. Ortenau, Offenburg, Schutterwald. NK-Bau-Dienstleistungen.\" \/>\n<meta property=\"og:url\" content=\"https:\/\/www.nk-bau-dienstleistungen.de\/wordpress\/rueckschnitt\/\" \/>\n<meta property=\"og:site_name\" content=\"NK-Bau-Dienstleistungen\" \/>\n<meta property=\"article:modified_time\" content=\"2016-08-07T11:50:41+00:00\" \/>\n<meta property=\"og:image\" content=\"http:\/\/www.nk-bau-dienstleistungen.de\/wordpress\/wp-content\/uploads\/2016\/06\/hecke-300x200.jpg\" \/>\n<meta name=\"twitter:card\" content=\"summary_large_image\" \/>\n<meta name=\"twitter:label1\" content=\"Gesch\u00e4tzte Lesezeit\" \/>\n\t<meta name=\"twitter:data1\" content=\"1\u00a0Minute\" \/>\n<script type=\"application\/ld+json\" class=\"yoast-schema-graph\">{\"@context\":\"https:\\\/\\\/schema.org\",\"@graph\":[{\"@type\":\"WebPage\",\"@id\":\"https:\\\/\\\/www.nk-bau-dienstleistungen.de\\\/wordpress\\\/rueckschnitt\\\/\",\"url\":\"https:\\\/\\\/www.nk-bau-dienstleistungen.de\\\/wordpress\\\/rueckschnitt\\\/\",\"name\":\"R\u00fcckschnitt und Vegetationspflege. Ortenau, Offenburg, Schutterwald.\",\"isPartOf\":{\"@id\":\"https:\\\/\\\/www.nk-bau-dienstleistungen.de\\\/wordpress\\\/#website\"},\"primaryImageOfPage\":{\"@id\":\"https:\\\/\\\/www.nk-bau-dienstleistungen.de\\\/wordpress\\\/rueckschnitt\\\/#primaryimage\"},\"image\":{\"@id\":\"https:\\\/\\\/www.nk-bau-dienstleistungen.de\\\/wordpress\\\/rueckschnitt\\\/#primaryimage\"},\"thumbnailUrl\":\"http:\\\/\\\/www.nk-bau-dienstleistungen.de\\\/wordpress\\\/wp-content\\\/uploads\\\/2016\\\/06\\\/hecke-300x200.jpg\",\"datePublished\":\"2016-06-14T18:44:14+00:00\",\"dateModified\":\"2016-08-07T11:50:41+00:00\",\"description\":\"R\u00fcckschnitt und Vegetationspflege. Hecken und B\u00e4ume fachgerecht schneiden und pflegen. Ortenau, Offenburg, Schutterwald. NK-Bau-Dienstleistungen.\",\"breadcrumb\":{\"@id\":\"https:\\\/\\\/www.nk-bau-dienstleistungen.de\\\/wordpress\\\/rueckschnitt\\\/#breadcrumb\"},\"inLanguage\":\"de\",\"potentialAction\":[{\"@type\":\"ReadAction\",\"target\":[\"https:\\\/\\\/www.nk-bau-dienstleistungen.de\\\/wordpress\\\/rueckschnitt\\\/\"]}]},{\"@type\":\"ImageObject\",\"inLanguage\":\"de\",\"@id\":\"https:\\\/\\\/www.nk-bau-dienstleistungen.de\\\/wordpress\\\/rueckschnitt\\\/#primaryimage\",\"url\":\"http:\\\/\\\/www.nk-bau-dienstleistungen.de\\\/wordpress\\\/wp-content\\\/uploads\\\/2016\\\/06\\\/hecke-300x200.jpg\",\"contentUrl\":\"http:\\\/\\\/www.nk-bau-dienstleistungen.de\\\/wordpress\\\/wp-content\\\/uploads\\\/2016\\\/06\\\/hecke-300x200.jpg\"},{\"@type\":\"BreadcrumbList\",\"@id\":\"https:\\\/\\\/www.nk-bau-dienstleistungen.de\\\/wordpress\\\/rueckschnitt\\\/#breadcrumb\",\"itemListElement\":[{\"@type\":\"ListItem\",\"position\":1,\"name\":\"Startseite\",\"item\":\"https:\\\/\\\/www.nk-bau-dienstleistungen.de\\\/wordpress\\\/\"},{\"@type\":\"ListItem\",\"position\":2,\"name\":\"R\u00fcckschnitt\"}]},{\"@type\":\"WebSite\",\"@id\":\"https:\\\/\\\/www.nk-bau-dienstleistungen.de\\\/wordpress\\\/#website\",\"url\":\"https:\\\/\\\/www.nk-bau-dienstleistungen.de\\\/wordpress\\\/\",\"name\":\"NK-Bau-Dienstleistungen\",\"description\":\"Dienstleistungen rund um Haus und Garten. Reinigung von Baustellen, Geb\u00e4uden, Fenstern und Garagen und Tiefgaragen..\",\"publisher\":{\"@id\":\"https:\\\/\\\/www.nk-bau-dienstleistungen.de\\\/wordpress\\\/#organization\"},\"potentialAction\":[{\"@type\":\"SearchAction\",\"target\":{\"@type\":\"EntryPoint\",\"urlTemplate\":\"https:\\\/\\\/www.nk-bau-dienstleistungen.de\\\/wordpress\\\/?s={search_term_string}\"},\"query-input\":{\"@type\":\"PropertyValueSpecification\",\"valueRequired\":true,\"valueName\":\"search_term_string\"}}],\"inLanguage\":\"de\"},{\"@type\":\"Organization\",\"@id\":\"https:\\\/\\\/www.nk-bau-dienstleistungen.de\\\/wordpress\\\/#organization\",\"name\":\"Nikol Krechting Bau \\\/ Dienstleistungen\",\"url\":\"https:\\\/\\\/www.nk-bau-dienstleistungen.de\\\/wordpress\\\/\",\"logo\":{\"@type\":\"ImageObject\",\"inLanguage\":\"de\",\"@id\":\"https:\\\/\\\/www.nk-bau-dienstleistungen.de\\\/wordpress\\\/#\\\/schema\\\/logo\\\/image\\\/\",\"url\":\"https:\\\/\\\/www.nk-bau-dienstleistungen.de\\\/wordpress\\\/wp-content\\\/uploads\\\/2016\\\/06\\\/nikol_krechting-logowb512.png\",\"contentUrl\":\"https:\\\/\\\/www.nk-bau-dienstleistungen.de\\\/wordpress\\\/wp-content\\\/uploads\\\/2016\\\/06\\\/nikol_krechting-logowb512.png\",\"width\":512,\"height\":512,\"caption\":\"Nikol Krechting Bau \\\/ Dienstleistungen\"},\"image\":{\"@id\":\"https:\\\/\\\/www.nk-bau-dienstleistungen.de\\\/wordpress\\\/#\\\/schema\\\/logo\\\/image\\\/\"}}]}<\/script>\n<!-- \/ Yoast SEO plugin. -->","yoast_head_json":{"title":"R\u00fcckschnitt und Vegetationspflege. Ortenau, Offenburg, Schutterwald.","description":"R\u00fcckschnitt und Vegetationspflege. Hecken und B\u00e4ume fachgerecht schneiden und pflegen. Ortenau, Offenburg, Schutterwald. NK-Bau-Dienstleistungen.","robots":{"index":"index","follow":"follow","max-snippet":"max-snippet:-1","max-image-preview":"max-image-preview:large","max-video-preview":"max-video-preview:-1"},"canonical":"https:\/\/www.nk-bau-dienstleistungen.de\/wordpress\/rueckschnitt\/","og_locale":"de_DE","og_type":"article","og_title":"R\u00fcckschnitt und Vegetationspflege. Ortenau, Offenburg, Schutterwald.","og_description":"R\u00fcckschnitt und Vegetationspflege. Hecken und B\u00e4ume fachgerecht schneiden und pflegen. Ortenau, Offenburg, Schutterwald. NK-Bau-Dienstleistungen.","og_url":"https:\/\/www.nk-bau-dienstleistungen.de\/wordpress\/rueckschnitt\/","og_site_name":"NK-Bau-Dienstleistungen","article_modified_time":"2016-08-07T11:50:41+00:00","og_image":[{"url":"http:\/\/www.nk-bau-dienstleistungen.de\/wordpress\/wp-content\/uploads\/2016\/06\/hecke-300x200.jpg","type":"","width":"","height":""}],"twitter_card":"summary_large_image","twitter_misc":{"Gesch\u00e4tzte Lesezeit":"1\u00a0Minute"},"schema":{"@context":"https:\/\/schema.org","@graph":[{"@type":"WebPage","@id":"https:\/\/www.nk-bau-dienstleistungen.de\/wordpress\/rueckschnitt\/","url":"https:\/\/www.nk-bau-dienstleistungen.de\/wordpress\/rueckschnitt\/","name":"R\u00fcckschnitt und Vegetationspflege. Ortenau, Offenburg, Schutterwald.","isPartOf":{"@id":"https:\/\/www.nk-bau-dienstleistungen.de\/wordpress\/#website"},"primaryImageOfPage":{"@id":"https:\/\/www.nk-bau-dienstleistungen.de\/wordpress\/rueckschnitt\/#primaryimage"},"image":{"@id":"https:\/\/www.nk-bau-dienstleistungen.de\/wordpress\/rueckschnitt\/#primaryimage"},"thumbnailUrl":"http:\/\/www.nk-bau-dienstleistungen.de\/wordpress\/wp-content\/uploads\/2016\/06\/hecke-300x200.jpg","datePublished":"2016-06-14T18:44:14+00:00","dateModified":"2016-08-07T11:50:41+00:00","description":"R\u00fcckschnitt und Vegetationspflege. Hecken und B\u00e4ume fachgerecht schneiden und pflegen. Ortenau, Offenburg, Schutterwald. NK-Bau-Dienstleistungen.","breadcrumb":{"@id":"https:\/\/www.nk-bau-dienstleistungen.de\/wordpress\/rueckschnitt\/#breadcrumb"},"inLanguage":"de","potentialAction":[{"@type":"ReadAction","target":["https:\/\/www.nk-bau-dienstleistungen.de\/wordpress\/rueckschnitt\/"]}]},{"@type":"ImageObject","inLanguage":"de","@id":"https:\/\/www.nk-bau-dienstleistungen.de\/wordpress\/rueckschnitt\/#primaryimage","url":"http:\/\/www.nk-bau-dienstleistungen.de\/wordpress\/wp-content\/uploads\/2016\/06\/hecke-300x200.jpg","contentUrl":"http:\/\/www.nk-bau-dienstleistungen.de\/wordpress\/wp-content\/uploads\/2016\/06\/hecke-300x200.jpg"},{"@type":"BreadcrumbList","@id":"https:\/\/www.nk-bau-dienstleistungen.de\/wordpress\/rueckschnitt\/#breadcrumb","itemListElement":[{"@type":"ListItem","position":1,"name":"Startseite","item":"https:\/\/www.nk-bau-dienstleistungen.de\/wordpress\/"},{"@type":"ListItem","position":2,"name":"R\u00fcckschnitt"}]},{"@type":"WebSite","@id":"https:\/\/www.nk-bau-dienstleistungen.de\/wordpress\/#website","url":"https:\/\/www.nk-bau-dienstleistungen.de\/wordpress\/","name":"NK-Bau-Dienstleistungen","description":"Dienstleistungen rund um Haus und Garten. Reinigung von Baustellen, Geb\u00e4uden, Fenstern und Garagen und Tiefgaragen..","publisher":{"@id":"https:\/\/www.nk-bau-dienstleistungen.de\/wordpress\/#organization"},"potentialAction":[{"@type":"SearchAction","target":{"@type":"EntryPoint","urlTemplate":"https:\/\/www.nk-bau-dienstleistungen.de\/wordpress\/?s={search_term_string}"},"query-input":{"@type":"PropertyValueSpecification","valueRequired":true,"valueName":"search_term_string"}}],"inLanguage":"de"},{"@type":"Organization","@id":"https:\/\/www.nk-bau-dienstleistungen.de\/wordpress\/#organization","name":"Nikol Krechting Bau \/ Dienstleistungen","url":"https:\/\/www.nk-bau-dienstleistungen.de\/wordpress\/","logo":{"@type":"ImageObject","inLanguage":"de","@id":"https:\/\/www.nk-bau-dienstleistungen.de\/wordpress\/#\/schema\/logo\/image\/","url":"https:\/\/www.nk-bau-dienstleistungen.de\/wordpress\/wp-content\/uploads\/2016\/06\/nikol_krechting-logowb512.png","contentUrl":"https:\/\/www.nk-bau-dienstleistungen.de\/wordpress\/wp-content\/uploads\/2016\/06\/nikol_krechting-logowb512.png","width":512,"height":512,"caption":"Nikol Krechting Bau \/ Dienstleistungen"},"image":{"@id":"https:\/\/www.nk-bau-dienstleistungen.de\/wordpress\/#\/schema\/logo\/image\/"}}]}},"_links":{"self":[{"href":"https:\/\/www.nk-bau-dienstleistungen.de\/wordpress\/wp-json\/wp\/v2\/pages\/79","targetHints":{"allow":["GET"]}}],"collection":[{"href":"https:\/\/www.nk-bau-dienstleistungen.de\/wordpress\/wp-json\/wp\/v2\/pages"}],"about":[{"href":"https:\/\/www.nk-bau-dienstleistungen.de\/wordpress\/wp-json\/wp\/v2\/types\/page"}],"author":[{"embeddable":true,"href":"https:\/\/www.nk-bau-dienstleistungen.de\/wordpress\/wp-json\/wp\/v2\/users\/2"}],"replies":[{"embeddable":true,"href":"https:\/\/www.nk-bau-dienstleistungen.de\/wordpress\/wp-json\/wp\/v2\/comments?post=79"}],"version-history":[{"count":6,"href":"https:\/\/www.nk-bau-dienstleistungen.de\/wordpress\/wp-json\/wp\/v2\/pages\/79\/revisions"}],"predecessor-version":[{"id":246,"href":"https:\/\/www.nk-bau-dienstleistungen.de\/wordpress\/wp-json\/wp\/v2\/pages\/79\/revisions\/246"}],"wp:attachment":[{"href":"https:\/\/www.nk-bau-dienstleistungen.de\/wordpress\/wp-json\/wp\/v2\/media?parent=79"}],"curies":[{"name":"wp","href":"https:\/\/api.w.org\/{rel}","templated":true}]}}