{"id":84,"date":"2016-06-14T19:04:07","date_gmt":"2016-06-14T19:04:07","guid":{"rendered":"http:\/\/www.nk-bau-dienstleistungen.de\/wordpress\/?page_id=84"},"modified":"2016-08-07T11:39:59","modified_gmt":"2016-08-07T11:39:59","slug":"pflasterarbeiten","status":"publish","type":"page","link":"https:\/\/www.nk-bau-dienstleistungen.de\/wordpress\/pflasterarbeiten\/","title":{"rendered":"Pflasterarbeiten"},"content":{"rendered":"<h1><img loading=\"lazy\" decoding=\"async\" class=\"alignnone wp-image-69\" src=\"http:\/\/www.nk-bau-dienstleistungen.de\/wordpress\/wp-content\/uploads\/2016\/06\/pflasterarbeiten-300x170.jpg\" alt=\"Pflasterarbeiten vom Profi, NK-Dienstleistungen Ortenau, Offenburg, Schutterwald\" width=\"750\" height=\"425\" srcset=\"https:\/\/www.nk-bau-dienstleistungen.de\/wordpress\/wp-content\/uploads\/2016\/06\/pflasterarbeiten-300x170.jpg 300w, https:\/\/www.nk-bau-dienstleistungen.de\/wordpress\/wp-content\/uploads\/2016\/06\/pflasterarbeiten-768x434.jpg 768w, https:\/\/www.nk-bau-dienstleistungen.de\/wordpress\/wp-content\/uploads\/2016\/06\/pflasterarbeiten-1024x579.jpg 1024w, https:\/\/www.nk-bau-dienstleistungen.de\/wordpress\/wp-content\/uploads\/2016\/06\/pflasterarbeiten.jpg 1344w\" sizes=\"auto, (max-width: 750px) 100vw, 750px\" \/><\/h1>\n<h1>Pflasterarbeiten und Verlegearbeiten<\/h1>\n<p>Unser Team aus Meister und qualifizierten Facharbeitern f\u00fchrt Pflasterarbeiten und Verlegearbeiten professionell, sauber und kosteng\u00fcnstig aus. Ob Autoabstellplatz, Gartenterrasse, Fahrradabstellplatz, Gartenweg oder Grillstandplatz, wir pflastern und verlegen nach Ihren W\u00fcnschen oder unseren Vorschl\u00e4gen. Mit Naturstein oder Betonsteinen, einfarbig, mehrfarbig oder mit Ornamenten. Kontaktieren Sie uns, wir haben die L\u00f6sung f\u00fcr Ihre Pflasterarbeiten und Verlegarbeiten.<\/p>\n<p>Pflasterarbeiten vom Profi. <a href=\"http:\/\/www.nk-bau-dienstleistungen.de\/wordpress\/kontakt-impressum\/\">Kontaktieren<\/a> Sie uns, wir erstellen Ihnen gerne ein Angebot.<\/p>\n","protected":false},"excerpt":{"rendered":"<p>Pflasterarbeiten und Verlegearbeiten Unser Team aus Meister und qualifizierten Facharbeitern f\u00fchrt Pflasterarbeiten und Verlegearbeiten professionell, sauber und kosteng\u00fcnstig aus. Ob Autoabstellplatz, Gartenterrasse, Fahrradabstellplatz, Gartenweg oder Grillstandplatz, wir pflastern und verlegen nach Ihren W\u00fcnschen oder unseren Vorschl\u00e4gen. Mit Naturstein oder Betonsteinen, einfarbig, mehrfarbig oder mit Ornamenten. Kontaktieren Sie uns, wir haben die L\u00f6sung f\u00fcr Ihre Pflasterarbeiten [&hellip;]<\/p>\n","protected":false},"author":2,"featured_media":0,"parent":0,"menu_order":0,"comment_status":"closed","ping_status":"closed","template":"","meta":{"footnotes":""},"class_list":["post-84","page","type-page","status-publish","hentry"],"yoast_head":"<!-- This site is optimized with the Yoast SEO plugin v27.3 - https:\/\/yoast.com\/product\/yoast-seo-wordpress\/ -->\n<title>Pflasterarbeiten und Verlegearbeiten. Ortenau, Offenburg, Schutterwald.<\/title>\n<meta name=\"description\" content=\"Pflasterarbeiten und Verlegearbeiten professionell, sauber und kosteng\u00fcnstig. Naturstein und Betonstein. Ortenau, Offenburg, Schutterwald\" \/>\n<meta name=\"robots\" content=\"index, follow, max-snippet:-1, max-image-preview:large, max-video-preview:-1\" \/>\n<link rel=\"canonical\" href=\"https:\/\/www.nk-bau-dienstleistungen.de\/wordpress\/pflasterarbeiten\/\" \/>\n<meta property=\"og:locale\" content=\"de_DE\" \/>\n<meta property=\"og:type\" content=\"article\" \/>\n<meta property=\"og:title\" content=\"Pflasterarbeiten und Verlegearbeiten. Ortenau, Offenburg, Schutterwald.\" \/>\n<meta property=\"og:description\" content=\"Pflasterarbeiten und Verlegearbeiten professionell, sauber und kosteng\u00fcnstig. Naturstein und Betonstein. Ortenau, Offenburg, Schutterwald\" \/>\n<meta property=\"og:url\" content=\"https:\/\/www.nk-bau-dienstleistungen.de\/wordpress\/pflasterarbeiten\/\" \/>\n<meta property=\"og:site_name\" content=\"NK-Bau-Dienstleistungen\" \/>\n<meta property=\"article:modified_time\" content=\"2016-08-07T11:39:59+00:00\" \/>\n<meta property=\"og:image\" content=\"http:\/\/www.nk-bau-dienstleistungen.de\/wordpress\/wp-content\/uploads\/2016\/06\/pflasterarbeiten-300x170.jpg\" \/>\n<meta name=\"twitter:card\" content=\"summary_large_image\" \/>\n<script type=\"application\/ld+json\" class=\"yoast-schema-graph\">{\"@context\":\"https:\\\/\\\/schema.org\",\"@graph\":[{\"@type\":\"WebPage\",\"@id\":\"https:\\\/\\\/www.nk-bau-dienstleistungen.de\\\/wordpress\\\/pflasterarbeiten\\\/\",\"url\":\"https:\\\/\\\/www.nk-bau-dienstleistungen.de\\\/wordpress\\\/pflasterarbeiten\\\/\",\"name\":\"Pflasterarbeiten und Verlegearbeiten. Ortenau, Offenburg, Schutterwald.\",\"isPartOf\":{\"@id\":\"https:\\\/\\\/www.nk-bau-dienstleistungen.de\\\/wordpress\\\/#website\"},\"primaryImageOfPage\":{\"@id\":\"https:\\\/\\\/www.nk-bau-dienstleistungen.de\\\/wordpress\\\/pflasterarbeiten\\\/#primaryimage\"},\"image\":{\"@id\":\"https:\\\/\\\/www.nk-bau-dienstleistungen.de\\\/wordpress\\\/pflasterarbeiten\\\/#primaryimage\"},\"thumbnailUrl\":\"http:\\\/\\\/www.nk-bau-dienstleistungen.de\\\/wordpress\\\/wp-content\\\/uploads\\\/2016\\\/06\\\/pflasterarbeiten-300x170.jpg\",\"datePublished\":\"2016-06-14T19:04:07+00:00\",\"dateModified\":\"2016-08-07T11:39:59+00:00\",\"description\":\"Pflasterarbeiten und Verlegearbeiten professionell, sauber und kosteng\u00fcnstig. Naturstein und Betonstein. Ortenau, Offenburg, Schutterwald\",\"breadcrumb\":{\"@id\":\"https:\\\/\\\/www.nk-bau-dienstleistungen.de\\\/wordpress\\\/pflasterarbeiten\\\/#breadcrumb\"},\"inLanguage\":\"de\",\"potentialAction\":[{\"@type\":\"ReadAction\",\"target\":[\"https:\\\/\\\/www.nk-bau-dienstleistungen.de\\\/wordpress\\\/pflasterarbeiten\\\/\"]}]},{\"@type\":\"ImageObject\",\"inLanguage\":\"de\",\"@id\":\"https:\\\/\\\/www.nk-bau-dienstleistungen.de\\\/wordpress\\\/pflasterarbeiten\\\/#primaryimage\",\"url\":\"http:\\\/\\\/www.nk-bau-dienstleistungen.de\\\/wordpress\\\/wp-content\\\/uploads\\\/2016\\\/06\\\/pflasterarbeiten-300x170.jpg\",\"contentUrl\":\"http:\\\/\\\/www.nk-bau-dienstleistungen.de\\\/wordpress\\\/wp-content\\\/uploads\\\/2016\\\/06\\\/pflasterarbeiten-300x170.jpg\"},{\"@type\":\"BreadcrumbList\",\"@id\":\"https:\\\/\\\/www.nk-bau-dienstleistungen.de\\\/wordpress\\\/pflasterarbeiten\\\/#breadcrumb\",\"itemListElement\":[{\"@type\":\"ListItem\",\"position\":1,\"name\":\"Startseite\",\"item\":\"https:\\\/\\\/www.nk-bau-dienstleistungen.de\\\/wordpress\\\/\"},{\"@type\":\"ListItem\",\"position\":2,\"name\":\"Pflasterarbeiten\"}]},{\"@type\":\"WebSite\",\"@id\":\"https:\\\/\\\/www.nk-bau-dienstleistungen.de\\\/wordpress\\\/#website\",\"url\":\"https:\\\/\\\/www.nk-bau-dienstleistungen.de\\\/wordpress\\\/\",\"name\":\"NK-Bau-Dienstleistungen\",\"description\":\"Dienstleistungen rund um Haus und Garten. Reinigung von Baustellen, Geb\u00e4uden, Fenstern und Garagen und Tiefgaragen..\",\"publisher\":{\"@id\":\"https:\\\/\\\/www.nk-bau-dienstleistungen.de\\\/wordpress\\\/#organization\"},\"potentialAction\":[{\"@type\":\"SearchAction\",\"target\":{\"@type\":\"EntryPoint\",\"urlTemplate\":\"https:\\\/\\\/www.nk-bau-dienstleistungen.de\\\/wordpress\\\/?s={search_term_string}\"},\"query-input\":{\"@type\":\"PropertyValueSpecification\",\"valueRequired\":true,\"valueName\":\"search_term_string\"}}],\"inLanguage\":\"de\"},{\"@type\":\"Organization\",\"@id\":\"https:\\\/\\\/www.nk-bau-dienstleistungen.de\\\/wordpress\\\/#organization\",\"name\":\"Nikol Krechting Bau \\\/ Dienstleistungen\",\"url\":\"https:\\\/\\\/www.nk-bau-dienstleistungen.de\\\/wordpress\\\/\",\"logo\":{\"@type\":\"ImageObject\",\"inLanguage\":\"de\",\"@id\":\"https:\\\/\\\/www.nk-bau-dienstleistungen.de\\\/wordpress\\\/#\\\/schema\\\/logo\\\/image\\\/\",\"url\":\"https:\\\/\\\/www.nk-bau-dienstleistungen.de\\\/wordpress\\\/wp-content\\\/uploads\\\/2016\\\/06\\\/nikol_krechting-logowb512.png\",\"contentUrl\":\"https:\\\/\\\/www.nk-bau-dienstleistungen.de\\\/wordpress\\\/wp-content\\\/uploads\\\/2016\\\/06\\\/nikol_krechting-logowb512.png\",\"width\":512,\"height\":512,\"caption\":\"Nikol Krechting Bau \\\/ Dienstleistungen\"},\"image\":{\"@id\":\"https:\\\/\\\/www.nk-bau-dienstleistungen.de\\\/wordpress\\\/#\\\/schema\\\/logo\\\/image\\\/\"}}]}<\/script>\n<!-- \/ Yoast SEO plugin. -->","yoast_head_json":{"title":"Pflasterarbeiten und Verlegearbeiten. Ortenau, Offenburg, Schutterwald.","description":"Pflasterarbeiten und Verlegearbeiten professionell, sauber und kosteng\u00fcnstig. Naturstein und Betonstein. Ortenau, Offenburg, Schutterwald","robots":{"index":"index","follow":"follow","max-snippet":"max-snippet:-1","max-image-preview":"max-image-preview:large","max-video-preview":"max-video-preview:-1"},"canonical":"https:\/\/www.nk-bau-dienstleistungen.de\/wordpress\/pflasterarbeiten\/","og_locale":"de_DE","og_type":"article","og_title":"Pflasterarbeiten und Verlegearbeiten. Ortenau, Offenburg, Schutterwald.","og_description":"Pflasterarbeiten und Verlegearbeiten professionell, sauber und kosteng\u00fcnstig. Naturstein und Betonstein. Ortenau, Offenburg, Schutterwald","og_url":"https:\/\/www.nk-bau-dienstleistungen.de\/wordpress\/pflasterarbeiten\/","og_site_name":"NK-Bau-Dienstleistungen","article_modified_time":"2016-08-07T11:39:59+00:00","og_image":[{"url":"http:\/\/www.nk-bau-dienstleistungen.de\/wordpress\/wp-content\/uploads\/2016\/06\/pflasterarbeiten-300x170.jpg","type":"","width":"","height":""}],"twitter_card":"summary_large_image","schema":{"@context":"https:\/\/schema.org","@graph":[{"@type":"WebPage","@id":"https:\/\/www.nk-bau-dienstleistungen.de\/wordpress\/pflasterarbeiten\/","url":"https:\/\/www.nk-bau-dienstleistungen.de\/wordpress\/pflasterarbeiten\/","name":"Pflasterarbeiten und Verlegearbeiten. Ortenau, Offenburg, Schutterwald.","isPartOf":{"@id":"https:\/\/www.nk-bau-dienstleistungen.de\/wordpress\/#website"},"primaryImageOfPage":{"@id":"https:\/\/www.nk-bau-dienstleistungen.de\/wordpress\/pflasterarbeiten\/#primaryimage"},"image":{"@id":"https:\/\/www.nk-bau-dienstleistungen.de\/wordpress\/pflasterarbeiten\/#primaryimage"},"thumbnailUrl":"http:\/\/www.nk-bau-dienstleistungen.de\/wordpress\/wp-content\/uploads\/2016\/06\/pflasterarbeiten-300x170.jpg","datePublished":"2016-06-14T19:04:07+00:00","dateModified":"2016-08-07T11:39:59+00:00","description":"Pflasterarbeiten und Verlegearbeiten professionell, sauber und kosteng\u00fcnstig. Naturstein und Betonstein. Ortenau, Offenburg, Schutterwald","breadcrumb":{"@id":"https:\/\/www.nk-bau-dienstleistungen.de\/wordpress\/pflasterarbeiten\/#breadcrumb"},"inLanguage":"de","potentialAction":[{"@type":"ReadAction","target":["https:\/\/www.nk-bau-dienstleistungen.de\/wordpress\/pflasterarbeiten\/"]}]},{"@type":"ImageObject","inLanguage":"de","@id":"https:\/\/www.nk-bau-dienstleistungen.de\/wordpress\/pflasterarbeiten\/#primaryimage","url":"http:\/\/www.nk-bau-dienstleistungen.de\/wordpress\/wp-content\/uploads\/2016\/06\/pflasterarbeiten-300x170.jpg","contentUrl":"http:\/\/www.nk-bau-dienstleistungen.de\/wordpress\/wp-content\/uploads\/2016\/06\/pflasterarbeiten-300x170.jpg"},{"@type":"BreadcrumbList","@id":"https:\/\/www.nk-bau-dienstleistungen.de\/wordpress\/pflasterarbeiten\/#breadcrumb","itemListElement":[{"@type":"ListItem","position":1,"name":"Startseite","item":"https:\/\/www.nk-bau-dienstleistungen.de\/wordpress\/"},{"@type":"ListItem","position":2,"name":"Pflasterarbeiten"}]},{"@type":"WebSite","@id":"https:\/\/www.nk-bau-dienstleistungen.de\/wordpress\/#website","url":"https:\/\/www.nk-bau-dienstleistungen.de\/wordpress\/","name":"NK-Bau-Dienstleistungen","description":"Dienstleistungen rund um Haus und Garten. Reinigung von Baustellen, Geb\u00e4uden, Fenstern und Garagen und Tiefgaragen..","publisher":{"@id":"https:\/\/www.nk-bau-dienstleistungen.de\/wordpress\/#organization"},"potentialAction":[{"@type":"SearchAction","target":{"@type":"EntryPoint","urlTemplate":"https:\/\/www.nk-bau-dienstleistungen.de\/wordpress\/?s={search_term_string}"},"query-input":{"@type":"PropertyValueSpecification","valueRequired":true,"valueName":"search_term_string"}}],"inLanguage":"de"},{"@type":"Organization","@id":"https:\/\/www.nk-bau-dienstleistungen.de\/wordpress\/#organization","name":"Nikol Krechting Bau \/ Dienstleistungen","url":"https:\/\/www.nk-bau-dienstleistungen.de\/wordpress\/","logo":{"@type":"ImageObject","inLanguage":"de","@id":"https:\/\/www.nk-bau-dienstleistungen.de\/wordpress\/#\/schema\/logo\/image\/","url":"https:\/\/www.nk-bau-dienstleistungen.de\/wordpress\/wp-content\/uploads\/2016\/06\/nikol_krechting-logowb512.png","contentUrl":"https:\/\/www.nk-bau-dienstleistungen.de\/wordpress\/wp-content\/uploads\/2016\/06\/nikol_krechting-logowb512.png","width":512,"height":512,"caption":"Nikol Krechting Bau \/ Dienstleistungen"},"image":{"@id":"https:\/\/www.nk-bau-dienstleistungen.de\/wordpress\/#\/schema\/logo\/image\/"}}]}},"_links":{"self":[{"href":"https:\/\/www.nk-bau-dienstleistungen.de\/wordpress\/wp-json\/wp\/v2\/pages\/84","targetHints":{"allow":["GET"]}}],"collection":[{"href":"https:\/\/www.nk-bau-dienstleistungen.de\/wordpress\/wp-json\/wp\/v2\/pages"}],"about":[{"href":"https:\/\/www.nk-bau-dienstleistungen.de\/wordpress\/wp-json\/wp\/v2\/types\/page"}],"author":[{"embeddable":true,"href":"https:\/\/www.nk-bau-dienstleistungen.de\/wordpress\/wp-json\/wp\/v2\/users\/2"}],"replies":[{"embeddable":true,"href":"https:\/\/www.nk-bau-dienstleistungen.de\/wordpress\/wp-json\/wp\/v2\/comments?post=84"}],"version-history":[{"count":4,"href":"https:\/\/www.nk-bau-dienstleistungen.de\/wordpress\/wp-json\/wp\/v2\/pages\/84\/revisions"}],"predecessor-version":[{"id":244,"href":"https:\/\/www.nk-bau-dienstleistungen.de\/wordpress\/wp-json\/wp\/v2\/pages\/84\/revisions\/244"}],"wp:attachment":[{"href":"https:\/\/www.nk-bau-dienstleistungen.de\/wordpress\/wp-json\/wp\/v2\/media?parent=84"}],"curies":[{"name":"wp","href":"https:\/\/api.w.org\/{rel}","templated":true}]}}