{"id":88,"date":"2016-06-14T19:27:17","date_gmt":"2016-06-14T19:27:17","guid":{"rendered":"http:\/\/www.nk-bau-dienstleistungen.de\/wordpress\/?page_id=88"},"modified":"2016-08-04T14:57:28","modified_gmt":"2016-08-04T14:57:28","slug":"hausmeistertaetigkeiten","status":"publish","type":"page","link":"https:\/\/www.nk-bau-dienstleistungen.de\/wordpress\/hausmeistertaetigkeiten\/","title":{"rendered":"Hausmeistert\u00e4tigkeiten"},"content":{"rendered":"<p><img loading=\"lazy\" decoding=\"async\" class=\"alignnone wp-image-89\" src=\"http:\/\/www.nk-bau-dienstleistungen.de\/wordpress\/wp-content\/uploads\/2016\/06\/hausmeister-300x212.jpg\" alt=\"Hausmeisterdienste von NK-Dienstleistungen\" width=\"751\" height=\"531\" srcset=\"https:\/\/www.nk-bau-dienstleistungen.de\/wordpress\/wp-content\/uploads\/2016\/06\/hausmeister-300x212.jpg 300w, https:\/\/www.nk-bau-dienstleistungen.de\/wordpress\/wp-content\/uploads\/2016\/06\/hausmeister-768x543.jpg 768w, https:\/\/www.nk-bau-dienstleistungen.de\/wordpress\/wp-content\/uploads\/2016\/06\/hausmeister-1024x724.jpg 1024w, https:\/\/www.nk-bau-dienstleistungen.de\/wordpress\/wp-content\/uploads\/2016\/06\/hausmeister.jpg 1920w\" sizes=\"auto, (max-width: 751px) 100vw, 751px\" \/><\/p>\n<h1>Hausmeistert\u00e4tigkeiten, Hausmeisterservice vom Profi<\/h1>\n<p>Betreuung von Wohnh\u00e4usern und Gesch\u00e4ftsh\u00e4usern, professionelle <a href=\"http:\/\/www.nk-bau-dienstleistungen.de\/wordpress\/ueberpruefung-wartung\/\">\u00dcberpr\u00fcfung und Wartung<\/a> von technischen Einrichtungen, <a href=\"http:\/\/www.nk-bau-dienstleistungen.de\/wordpress\/winterdienst\/\">Winterdienst<\/a>, <a href=\"http:\/\/www.nk-bau-dienstleistungen.de\/wordpress\/kehrdienst\/\">Kehrdienst<\/a>, <a href=\"http:\/\/www.nk-bau-dienstleistungen.de\/wordpress\/glasreinigung\/\">Glasreinigung<\/a>, <a href=\"http:\/\/www.nk-bau-dienstleistungen.de\/wordpress\/tiefgaragenreinigung\/\">Tiefgaragenreinigung<\/a>, <a href=\"http:\/\/www.nk-bau-dienstleistungen.de\/wordpress\/vegetationspflege\/\">Vegetationspflege<\/a> wie <a href=\"http:\/\/www.nk-bau-dienstleistungen.de\/wordpress\/maeharbeiten\/\">M\u00e4harbeiten<\/a> und <a href=\"http:\/\/www.nk-bau-dienstleistungen.de\/wordpress\/rueckschnitt\/\">R\u00fcckschnitt <\/a>von Hecken, B\u00fcschen und B\u00e4umen, <a href=\"http:\/\/www.nk-bau-dienstleistungen.de\/wordpress\/ausbesserungsarbeiten\/\">Ausbesserungsarbeiten<\/a> und <a href=\"http:\/\/www.nk-bau-dienstleistungen.de\/wordpress\/kleinreparaturen\/\">Kleinreparaturen<\/a>. Alles aus einer Hand, schnell und unb\u00fcrokratisch.<\/p>\n<p><a href=\"http:\/\/www.nk-bau-dienstleistungen.de\/wordpress\/kontakt-impressum\/\">Kontaktieren <\/a>Sie uns, wir erstellen Ihnen gerne ein Angebot f\u00fcr Ihren Bedarf.<\/p>\n","protected":false},"excerpt":{"rendered":"<p>Hausmeistert\u00e4tigkeiten, Hausmeisterservice vom Profi Betreuung von Wohnh\u00e4usern und Gesch\u00e4ftsh\u00e4usern, professionelle \u00dcberpr\u00fcfung und Wartung von technischen Einrichtungen, Winterdienst, Kehrdienst, Glasreinigung, Tiefgaragenreinigung, Vegetationspflege wie M\u00e4harbeiten und R\u00fcckschnitt von Hecken, B\u00fcschen und B\u00e4umen, Ausbesserungsarbeiten und Kleinreparaturen. Alles aus einer Hand, schnell und unb\u00fcrokratisch. Kontaktieren Sie uns, wir erstellen Ihnen gerne ein Angebot f\u00fcr Ihren Bedarf.<\/p>\n","protected":false},"author":2,"featured_media":0,"parent":0,"menu_order":0,"comment_status":"closed","ping_status":"closed","template":"","meta":{"footnotes":""},"class_list":["post-88","page","type-page","status-publish","hentry"],"yoast_head":"<!-- This site is optimized with the Yoast SEO plugin v27.4 - https:\/\/yoast.com\/product\/yoast-seo-wordpress\/ -->\n<title>Hausmeisterservice vom Profi. Ortenau, Offenburg, Schutterwald<\/title>\n<meta name=\"description\" content=\"Hausmeistert\u00e4tigkeiten, Hausmeisterservice vom Profi Betreuung von Wohnh\u00e4usern und Gesch\u00e4ftsh\u00e4usern, professionelle \u00dcberpr\u00fcfung und Wartung.\" \/>\n<meta name=\"robots\" content=\"index, follow, max-snippet:-1, max-image-preview:large, max-video-preview:-1\" \/>\n<link rel=\"canonical\" href=\"https:\/\/www.nk-bau-dienstleistungen.de\/wordpress\/hausmeistertaetigkeiten\/\" \/>\n<meta property=\"og:locale\" content=\"de_DE\" \/>\n<meta property=\"og:type\" content=\"article\" \/>\n<meta property=\"og:title\" content=\"Hausmeisterservice vom Profi. Ortenau, Offenburg, Schutterwald\" \/>\n<meta property=\"og:description\" content=\"Hausmeistert\u00e4tigkeiten, Hausmeisterservice vom Profi Betreuung von Wohnh\u00e4usern und Gesch\u00e4ftsh\u00e4usern, professionelle \u00dcberpr\u00fcfung und Wartung.\" \/>\n<meta property=\"og:url\" content=\"https:\/\/www.nk-bau-dienstleistungen.de\/wordpress\/hausmeistertaetigkeiten\/\" \/>\n<meta property=\"og:site_name\" content=\"NK-Bau-Dienstleistungen\" \/>\n<meta property=\"article:modified_time\" content=\"2016-08-04T14:57:28+00:00\" \/>\n<meta property=\"og:image\" content=\"http:\/\/www.nk-bau-dienstleistungen.de\/wordpress\/wp-content\/uploads\/2016\/06\/hausmeister-300x212.jpg\" \/>\n<meta name=\"twitter:card\" content=\"summary_large_image\" \/>\n<script type=\"application\/ld+json\" class=\"yoast-schema-graph\">{\"@context\":\"https:\\\/\\\/schema.org\",\"@graph\":[{\"@type\":\"WebPage\",\"@id\":\"https:\\\/\\\/www.nk-bau-dienstleistungen.de\\\/wordpress\\\/hausmeistertaetigkeiten\\\/\",\"url\":\"https:\\\/\\\/www.nk-bau-dienstleistungen.de\\\/wordpress\\\/hausmeistertaetigkeiten\\\/\",\"name\":\"Hausmeisterservice vom Profi. Ortenau, Offenburg, Schutterwald\",\"isPartOf\":{\"@id\":\"https:\\\/\\\/www.nk-bau-dienstleistungen.de\\\/wordpress\\\/#website\"},\"primaryImageOfPage\":{\"@id\":\"https:\\\/\\\/www.nk-bau-dienstleistungen.de\\\/wordpress\\\/hausmeistertaetigkeiten\\\/#primaryimage\"},\"image\":{\"@id\":\"https:\\\/\\\/www.nk-bau-dienstleistungen.de\\\/wordpress\\\/hausmeistertaetigkeiten\\\/#primaryimage\"},\"thumbnailUrl\":\"http:\\\/\\\/www.nk-bau-dienstleistungen.de\\\/wordpress\\\/wp-content\\\/uploads\\\/2016\\\/06\\\/hausmeister-300x212.jpg\",\"datePublished\":\"2016-06-14T19:27:17+00:00\",\"dateModified\":\"2016-08-04T14:57:28+00:00\",\"description\":\"Hausmeistert\u00e4tigkeiten, Hausmeisterservice vom Profi Betreuung von Wohnh\u00e4usern und Gesch\u00e4ftsh\u00e4usern, professionelle \u00dcberpr\u00fcfung und Wartung.\",\"breadcrumb\":{\"@id\":\"https:\\\/\\\/www.nk-bau-dienstleistungen.de\\\/wordpress\\\/hausmeistertaetigkeiten\\\/#breadcrumb\"},\"inLanguage\":\"de\",\"potentialAction\":[{\"@type\":\"ReadAction\",\"target\":[\"https:\\\/\\\/www.nk-bau-dienstleistungen.de\\\/wordpress\\\/hausmeistertaetigkeiten\\\/\"]}]},{\"@type\":\"ImageObject\",\"inLanguage\":\"de\",\"@id\":\"https:\\\/\\\/www.nk-bau-dienstleistungen.de\\\/wordpress\\\/hausmeistertaetigkeiten\\\/#primaryimage\",\"url\":\"http:\\\/\\\/www.nk-bau-dienstleistungen.de\\\/wordpress\\\/wp-content\\\/uploads\\\/2016\\\/06\\\/hausmeister-300x212.jpg\",\"contentUrl\":\"http:\\\/\\\/www.nk-bau-dienstleistungen.de\\\/wordpress\\\/wp-content\\\/uploads\\\/2016\\\/06\\\/hausmeister-300x212.jpg\"},{\"@type\":\"BreadcrumbList\",\"@id\":\"https:\\\/\\\/www.nk-bau-dienstleistungen.de\\\/wordpress\\\/hausmeistertaetigkeiten\\\/#breadcrumb\",\"itemListElement\":[{\"@type\":\"ListItem\",\"position\":1,\"name\":\"Startseite\",\"item\":\"https:\\\/\\\/www.nk-bau-dienstleistungen.de\\\/wordpress\\\/\"},{\"@type\":\"ListItem\",\"position\":2,\"name\":\"Hausmeistert\u00e4tigkeiten\"}]},{\"@type\":\"WebSite\",\"@id\":\"https:\\\/\\\/www.nk-bau-dienstleistungen.de\\\/wordpress\\\/#website\",\"url\":\"https:\\\/\\\/www.nk-bau-dienstleistungen.de\\\/wordpress\\\/\",\"name\":\"NK-Bau-Dienstleistungen\",\"description\":\"Dienstleistungen rund um Haus und Garten. Reinigung von Baustellen, Geb\u00e4uden, Fenstern und Garagen und Tiefgaragen..\",\"publisher\":{\"@id\":\"https:\\\/\\\/www.nk-bau-dienstleistungen.de\\\/wordpress\\\/#organization\"},\"potentialAction\":[{\"@type\":\"SearchAction\",\"target\":{\"@type\":\"EntryPoint\",\"urlTemplate\":\"https:\\\/\\\/www.nk-bau-dienstleistungen.de\\\/wordpress\\\/?s={search_term_string}\"},\"query-input\":{\"@type\":\"PropertyValueSpecification\",\"valueRequired\":true,\"valueName\":\"search_term_string\"}}],\"inLanguage\":\"de\"},{\"@type\":\"Organization\",\"@id\":\"https:\\\/\\\/www.nk-bau-dienstleistungen.de\\\/wordpress\\\/#organization\",\"name\":\"Nikol Krechting Bau \\\/ Dienstleistungen\",\"url\":\"https:\\\/\\\/www.nk-bau-dienstleistungen.de\\\/wordpress\\\/\",\"logo\":{\"@type\":\"ImageObject\",\"inLanguage\":\"de\",\"@id\":\"https:\\\/\\\/www.nk-bau-dienstleistungen.de\\\/wordpress\\\/#\\\/schema\\\/logo\\\/image\\\/\",\"url\":\"https:\\\/\\\/www.nk-bau-dienstleistungen.de\\\/wordpress\\\/wp-content\\\/uploads\\\/2016\\\/06\\\/nikol_krechting-logowb512.png\",\"contentUrl\":\"https:\\\/\\\/www.nk-bau-dienstleistungen.de\\\/wordpress\\\/wp-content\\\/uploads\\\/2016\\\/06\\\/nikol_krechting-logowb512.png\",\"width\":512,\"height\":512,\"caption\":\"Nikol Krechting Bau \\\/ Dienstleistungen\"},\"image\":{\"@id\":\"https:\\\/\\\/www.nk-bau-dienstleistungen.de\\\/wordpress\\\/#\\\/schema\\\/logo\\\/image\\\/\"}}]}<\/script>\n<!-- \/ Yoast SEO plugin. -->","yoast_head_json":{"title":"Hausmeisterservice vom Profi. Ortenau, Offenburg, Schutterwald","description":"Hausmeistert\u00e4tigkeiten, Hausmeisterservice vom Profi Betreuung von Wohnh\u00e4usern und Gesch\u00e4ftsh\u00e4usern, professionelle \u00dcberpr\u00fcfung und Wartung.","robots":{"index":"index","follow":"follow","max-snippet":"max-snippet:-1","max-image-preview":"max-image-preview:large","max-video-preview":"max-video-preview:-1"},"canonical":"https:\/\/www.nk-bau-dienstleistungen.de\/wordpress\/hausmeistertaetigkeiten\/","og_locale":"de_DE","og_type":"article","og_title":"Hausmeisterservice vom Profi. Ortenau, Offenburg, Schutterwald","og_description":"Hausmeistert\u00e4tigkeiten, Hausmeisterservice vom Profi Betreuung von Wohnh\u00e4usern und Gesch\u00e4ftsh\u00e4usern, professionelle \u00dcberpr\u00fcfung und Wartung.","og_url":"https:\/\/www.nk-bau-dienstleistungen.de\/wordpress\/hausmeistertaetigkeiten\/","og_site_name":"NK-Bau-Dienstleistungen","article_modified_time":"2016-08-04T14:57:28+00:00","og_image":[{"url":"http:\/\/www.nk-bau-dienstleistungen.de\/wordpress\/wp-content\/uploads\/2016\/06\/hausmeister-300x212.jpg","type":"","width":"","height":""}],"twitter_card":"summary_large_image","schema":{"@context":"https:\/\/schema.org","@graph":[{"@type":"WebPage","@id":"https:\/\/www.nk-bau-dienstleistungen.de\/wordpress\/hausmeistertaetigkeiten\/","url":"https:\/\/www.nk-bau-dienstleistungen.de\/wordpress\/hausmeistertaetigkeiten\/","name":"Hausmeisterservice vom Profi. Ortenau, Offenburg, Schutterwald","isPartOf":{"@id":"https:\/\/www.nk-bau-dienstleistungen.de\/wordpress\/#website"},"primaryImageOfPage":{"@id":"https:\/\/www.nk-bau-dienstleistungen.de\/wordpress\/hausmeistertaetigkeiten\/#primaryimage"},"image":{"@id":"https:\/\/www.nk-bau-dienstleistungen.de\/wordpress\/hausmeistertaetigkeiten\/#primaryimage"},"thumbnailUrl":"http:\/\/www.nk-bau-dienstleistungen.de\/wordpress\/wp-content\/uploads\/2016\/06\/hausmeister-300x212.jpg","datePublished":"2016-06-14T19:27:17+00:00","dateModified":"2016-08-04T14:57:28+00:00","description":"Hausmeistert\u00e4tigkeiten, Hausmeisterservice vom Profi Betreuung von Wohnh\u00e4usern und Gesch\u00e4ftsh\u00e4usern, professionelle \u00dcberpr\u00fcfung und Wartung.","breadcrumb":{"@id":"https:\/\/www.nk-bau-dienstleistungen.de\/wordpress\/hausmeistertaetigkeiten\/#breadcrumb"},"inLanguage":"de","potentialAction":[{"@type":"ReadAction","target":["https:\/\/www.nk-bau-dienstleistungen.de\/wordpress\/hausmeistertaetigkeiten\/"]}]},{"@type":"ImageObject","inLanguage":"de","@id":"https:\/\/www.nk-bau-dienstleistungen.de\/wordpress\/hausmeistertaetigkeiten\/#primaryimage","url":"http:\/\/www.nk-bau-dienstleistungen.de\/wordpress\/wp-content\/uploads\/2016\/06\/hausmeister-300x212.jpg","contentUrl":"http:\/\/www.nk-bau-dienstleistungen.de\/wordpress\/wp-content\/uploads\/2016\/06\/hausmeister-300x212.jpg"},{"@type":"BreadcrumbList","@id":"https:\/\/www.nk-bau-dienstleistungen.de\/wordpress\/hausmeistertaetigkeiten\/#breadcrumb","itemListElement":[{"@type":"ListItem","position":1,"name":"Startseite","item":"https:\/\/www.nk-bau-dienstleistungen.de\/wordpress\/"},{"@type":"ListItem","position":2,"name":"Hausmeistert\u00e4tigkeiten"}]},{"@type":"WebSite","@id":"https:\/\/www.nk-bau-dienstleistungen.de\/wordpress\/#website","url":"https:\/\/www.nk-bau-dienstleistungen.de\/wordpress\/","name":"NK-Bau-Dienstleistungen","description":"Dienstleistungen rund um Haus und Garten. Reinigung von Baustellen, Geb\u00e4uden, Fenstern und Garagen und Tiefgaragen..","publisher":{"@id":"https:\/\/www.nk-bau-dienstleistungen.de\/wordpress\/#organization"},"potentialAction":[{"@type":"SearchAction","target":{"@type":"EntryPoint","urlTemplate":"https:\/\/www.nk-bau-dienstleistungen.de\/wordpress\/?s={search_term_string}"},"query-input":{"@type":"PropertyValueSpecification","valueRequired":true,"valueName":"search_term_string"}}],"inLanguage":"de"},{"@type":"Organization","@id":"https:\/\/www.nk-bau-dienstleistungen.de\/wordpress\/#organization","name":"Nikol Krechting Bau \/ Dienstleistungen","url":"https:\/\/www.nk-bau-dienstleistungen.de\/wordpress\/","logo":{"@type":"ImageObject","inLanguage":"de","@id":"https:\/\/www.nk-bau-dienstleistungen.de\/wordpress\/#\/schema\/logo\/image\/","url":"https:\/\/www.nk-bau-dienstleistungen.de\/wordpress\/wp-content\/uploads\/2016\/06\/nikol_krechting-logowb512.png","contentUrl":"https:\/\/www.nk-bau-dienstleistungen.de\/wordpress\/wp-content\/uploads\/2016\/06\/nikol_krechting-logowb512.png","width":512,"height":512,"caption":"Nikol Krechting Bau \/ Dienstleistungen"},"image":{"@id":"https:\/\/www.nk-bau-dienstleistungen.de\/wordpress\/#\/schema\/logo\/image\/"}}]}},"_links":{"self":[{"href":"https:\/\/www.nk-bau-dienstleistungen.de\/wordpress\/wp-json\/wp\/v2\/pages\/88","targetHints":{"allow":["GET"]}}],"collection":[{"href":"https:\/\/www.nk-bau-dienstleistungen.de\/wordpress\/wp-json\/wp\/v2\/pages"}],"about":[{"href":"https:\/\/www.nk-bau-dienstleistungen.de\/wordpress\/wp-json\/wp\/v2\/types\/page"}],"author":[{"embeddable":true,"href":"https:\/\/www.nk-bau-dienstleistungen.de\/wordpress\/wp-json\/wp\/v2\/users\/2"}],"replies":[{"embeddable":true,"href":"https:\/\/www.nk-bau-dienstleistungen.de\/wordpress\/wp-json\/wp\/v2\/comments?post=88"}],"version-history":[{"count":8,"href":"https:\/\/www.nk-bau-dienstleistungen.de\/wordpress\/wp-json\/wp\/v2\/pages\/88\/revisions"}],"predecessor-version":[{"id":186,"href":"https:\/\/www.nk-bau-dienstleistungen.de\/wordpress\/wp-json\/wp\/v2\/pages\/88\/revisions\/186"}],"wp:attachment":[{"href":"https:\/\/www.nk-bau-dienstleistungen.de\/wordpress\/wp-json\/wp\/v2\/media?parent=88"}],"curies":[{"name":"wp","href":"https:\/\/api.w.org\/{rel}","templated":true}]}}